{"id":4921,"date":"2023-11-15T08:05:55","date_gmt":"2023-11-15T07:05:55","guid":{"rendered":"https:\/\/amalie-von-stein.com\/?post_type=product&#038;p=4921"},"modified":"2023-11-15T09:04:20","modified_gmt":"2023-11-15T08:04:20","slug":"online-erziehung-online-sessions","status":"publish","type":"product","link":"https:\/\/amalie-von-stein.com\/en\/produkt\/online-erziehung-online-sessions\/","title":{"rendered":"Online Training &amp; Online Sessions"},"content":{"rendered":"<p>For the submissive gentleman who wants to take the path of online submission.<\/p>\n<p>There are various reasons why slaves choose online training. Mobility restrictions or personal circumstances may prevent a real meeting. However, the common denominator is a deep desire to experience their submissive tendencies with Amalie von Stein, the captivating online dominatrix. Some of my best slaves began as online slaves before finding the courage to meet in real life.<\/p>\n<p>Interested slaves apply in detail and respectfully. The tribute varies depending on the communication channel chosen (email, Whatsapp or Skype). The uncomplicated transaction takes place anonymously via NetDebit or paysafecard.<\/p>\n<p><span style=\"color: #b71e3f;\"><strong>Features and benefits:<\/strong><\/span><\/p>\n<ul>\n<li><strong>Virtual intimacy:<\/strong> Each online session is personally designed by Amalie von Stein to create a unique digital experience. Experience intimacy and sensuality in every virtual connection.<\/li>\n<li><strong>Varied online options:<\/strong> From stimulating emails to dominating video chats to commanding phone calls, online education offers the right virtual experience for every slave.<\/li>\n<li><strong>Individual design:<\/strong> Depending on the interested party's preferences, the online session can take place in the traditional way via email or Whatsapp, or get a more personal touch with a video call (e.g. Skype).<\/li>\n<\/ul>\n<p>&nbsp;<\/p>\n<p><span style=\"color: #b71e3f;\"><strong>How it works:<\/strong><\/span><\/p>\n<ol>\n<li>Before purchasing, apply to Amalie von Stein in detail and respectfully.<\/li>\n<li>Choose the amount that we have set in advance and put the product in the shopping cart.<\/li>\n<li>If you don't find the amount you want, you can either increase the quantity or add multiple products with different amounts to the shopping cart.<\/li>\n<li>Gehe dann zum Warenkorb und w\u00e4hle den Button &#8222;Weiter zur Kasse&#8220;.<\/li>\n<li>Fill out the required fields and pay anonymously with NetDebit or paysafecard.<\/li>\n<li>Setze ein H\u00e4kchen, um zu best\u00e4tigen, dass du die Allgemeinen Gesch\u00e4ftsbedingungen akzeptierst und w\u00e4hle dann &#8222;Kostenpflichtig bezahlen&#8220;.<\/li>\n<li>After a successful transaction, Mistress Amalie von Stein will schedule the digital online session.<\/li>\n<\/ol>","protected":false},"excerpt":{"rendered":"<p><strong>Online Training &amp; Online Sessions:<\/strong><br \/>\nAs an experienced online dominatrix, Amalie von Stein combines dominance and empathy to create a perfect balance in her online sessions. Every task and every punishment serves only one goal: to train you as a slave to optimally meet the needs of Amalie von Stein. <\/p>\n<p>Online training is a perfect alternative to explore your deepest submissive tendencies. Because online training allows for a gentle introduction to the joys of submission.<\/p>\n<p><a href=\"https:\/\/amalie-von-stein.com\/en\/produkt\/online-erziehung-online-sessions\/\" class=\"more-link style1-button\">Read More<\/a><\/p>","protected":false},"featured_media":4927,"comment_status":"closed","ping_status":"closed","template":"","meta":[],"product_brand":[],"product_cat":[86],"product_tag":[],"class_list":{"0":"post-4921","1":"product","2":"type-product","3":"status-publish","4":"has-post-thumbnail","6":"product_cat-tribut-dotation","8":"first","9":"instock","10":"purchasable","11":"product-type-variable"},"yoast_head":"<!-- This site is optimized with the Yoast SEO plugin v27.3 - https:\/\/yoast.com\/product\/yoast-seo-wordpress\/ -->\n<title>Online-Erziehung &amp; Online-Sessions - Amalie von Stein<\/title>\n<meta name=\"description\" content=\"Sinnliche Souvenirs f\u00fcr Liebhaber und Sklaven. Getragene W\u00e4sche, Nylons und mehr - erlebe den dominanten Duft von Amalie von Stein zu Hause.\" \/>\n<meta name=\"robots\" content=\"index, follow, max-snippet:-1, max-image-preview:large, max-video-preview:-1\" \/>\n<link rel=\"canonical\" href=\"https:\/\/amalie-von-stein.com\/en\/product-2\/online-erziehung-online-sessions\/\" \/>\n<meta property=\"og:locale\" content=\"en_US\" \/>\n<meta property=\"og:type\" content=\"article\" \/>\n<meta property=\"og:title\" content=\"Online-Erziehung &amp; Online-Sessions - Amalie von Stein\" \/>\n<meta property=\"og:description\" content=\"Sinnliche Souvenirs f\u00fcr Liebhaber und Sklaven. Getragene W\u00e4sche, Nylons und mehr - erlebe den dominanten Duft von Amalie von Stein zu Hause.\" \/>\n<meta property=\"og:url\" content=\"https:\/\/amalie-von-stein.com\/en\/product-2\/online-erziehung-online-sessions\/\" \/>\n<meta property=\"og:site_name\" content=\"Amalie von Stein\" \/>\n<meta property=\"article:publisher\" content=\"https:\/\/www.facebook.com\/amalievon.stein.37\" \/>\n<meta property=\"article:modified_time\" content=\"2023-11-15T08:04:20+00:00\" \/>\n<meta property=\"og:image\" content=\"https:\/\/amalie-von-stein.com\/wp-content\/uploads\/2023\/11\/AvS_woocommerce_Produkt_Online-Domina.png\" \/>\n\t<meta property=\"og:image:width\" content=\"600\" \/>\n\t<meta property=\"og:image:height\" content=\"600\" \/>\n\t<meta property=\"og:image:type\" content=\"image\/png\" \/>\n<meta name=\"twitter:card\" content=\"summary_large_image\" \/>\n<meta name=\"twitter:site\" content=\"@AmalievonStein\" \/>\n<meta name=\"twitter:label1\" content=\"Est. reading time\" \/>\n\t<meta name=\"twitter:data1\" content=\"2 minutes\" \/>\n<script type=\"application\/ld+json\" class=\"yoast-schema-graph\">{\"@context\":\"https:\\\/\\\/schema.org\",\"@graph\":[{\"@type\":\"WebPage\",\"@id\":\"https:\\\/\\\/amalie-von-stein.com\\\/produkt\\\/online-erziehung-online-sessions\\\/\",\"url\":\"https:\\\/\\\/amalie-von-stein.com\\\/produkt\\\/online-erziehung-online-sessions\\\/\",\"name\":\"Online-Erziehung & Online-Sessions - Amalie von Stein\",\"isPartOf\":{\"@id\":\"https:\\\/\\\/amalie-von-stein.com\\\/#website\"},\"primaryImageOfPage\":{\"@id\":\"https:\\\/\\\/amalie-von-stein.com\\\/produkt\\\/online-erziehung-online-sessions\\\/#primaryimage\"},\"image\":{\"@id\":\"https:\\\/\\\/amalie-von-stein.com\\\/produkt\\\/online-erziehung-online-sessions\\\/#primaryimage\"},\"thumbnailUrl\":\"https:\\\/\\\/amalie-von-stein.com\\\/wp-content\\\/uploads\\\/2023\\\/11\\\/AvS_woocommerce_Produkt_Online-Domina.png\",\"datePublished\":\"2023-11-15T07:05:55+00:00\",\"dateModified\":\"2023-11-15T08:04:20+00:00\",\"description\":\"Sinnliche Souvenirs f\u00fcr Liebhaber und Sklaven. Getragene W\u00e4sche, Nylons und mehr - erlebe den dominanten Duft von Amalie von Stein zu Hause.\",\"breadcrumb\":{\"@id\":\"https:\\\/\\\/amalie-von-stein.com\\\/produkt\\\/online-erziehung-online-sessions\\\/#breadcrumb\"},\"inLanguage\":\"en-US\",\"potentialAction\":[{\"@type\":\"ReadAction\",\"target\":[\"https:\\\/\\\/amalie-von-stein.com\\\/produkt\\\/online-erziehung-online-sessions\\\/\"]}]},{\"@type\":\"ImageObject\",\"inLanguage\":\"en-US\",\"@id\":\"https:\\\/\\\/amalie-von-stein.com\\\/produkt\\\/online-erziehung-online-sessions\\\/#primaryimage\",\"url\":\"https:\\\/\\\/amalie-von-stein.com\\\/wp-content\\\/uploads\\\/2023\\\/11\\\/AvS_woocommerce_Produkt_Online-Domina.png\",\"contentUrl\":\"https:\\\/\\\/amalie-von-stein.com\\\/wp-content\\\/uploads\\\/2023\\\/11\\\/AvS_woocommerce_Produkt_Online-Domina.png\",\"width\":600,\"height\":600,\"caption\":\"Unter der virtuellen F\u00fchrung von Domina Amalie von Stein entfaltet sich eine Welt von Online-Erziehung und -Sessions. Eine Welt der Online-Dominanz: Virtuelle Erziehung und Sessions unter der Leitung von Femdom Amalie von Stein.\"},{\"@type\":\"BreadcrumbList\",\"@id\":\"https:\\\/\\\/amalie-von-stein.com\\\/produkt\\\/online-erziehung-online-sessions\\\/#breadcrumb\",\"itemListElement\":[{\"@type\":\"ListItem\",\"position\":1,\"name\":\"Startseite\",\"item\":\"https:\\\/\\\/amalie-von-stein.com\\\/\"},{\"@type\":\"ListItem\",\"position\":2,\"name\":\"BDSM Shop\",\"item\":\"https:\\\/\\\/amalie-von-stein.com\\\/amalie-von-stein-bdsm-shop\\\/\"},{\"@type\":\"ListItem\",\"position\":3,\"name\":\"Online-Erziehung &#038; Online-Sessions\"}]},{\"@type\":\"WebSite\",\"@id\":\"https:\\\/\\\/amalie-von-stein.com\\\/#website\",\"url\":\"https:\\\/\\\/amalie-von-stein.com\\\/\",\"name\":\"Amalie von Stein\",\"description\":\"Amalie von Stein: High Class Domina und Femdom Escort f\u00fcr den devoten Gentleman.\",\"publisher\":{\"@id\":\"https:\\\/\\\/amalie-von-stein.com\\\/#\\\/schema\\\/person\\\/aa299bddf886d0b9d5dfa855dd6f7c15\"},\"potentialAction\":[{\"@type\":\"SearchAction\",\"target\":{\"@type\":\"EntryPoint\",\"urlTemplate\":\"https:\\\/\\\/amalie-von-stein.com\\\/?s={search_term_string}\"},\"query-input\":{\"@type\":\"PropertyValueSpecification\",\"valueRequired\":true,\"valueName\":\"search_term_string\"}}],\"inLanguage\":\"en-US\"},{\"@type\":[\"Person\",\"Organization\"],\"@id\":\"https:\\\/\\\/amalie-von-stein.com\\\/#\\\/schema\\\/person\\\/aa299bddf886d0b9d5dfa855dd6f7c15\",\"name\":\"Femdom Amalie von Stein\",\"image\":{\"@type\":\"ImageObject\",\"inLanguage\":\"en-US\",\"@id\":\"https:\\\/\\\/amalie-von-stein.com\\\/wp-content\\\/uploads\\\/2023\\\/04\\\/kontakt-exklusiver-domina-fetisch-escort-service.jpg\",\"url\":\"https:\\\/\\\/amalie-von-stein.com\\\/wp-content\\\/uploads\\\/2023\\\/04\\\/kontakt-exklusiver-domina-fetisch-escort-service.jpg\",\"contentUrl\":\"https:\\\/\\\/amalie-von-stein.com\\\/wp-content\\\/uploads\\\/2023\\\/04\\\/kontakt-exklusiver-domina-fetisch-escort-service.jpg\",\"width\":1280,\"height\":1920,\"caption\":\"Femdom Amalie von Stein\"},\"logo\":{\"@id\":\"https:\\\/\\\/amalie-von-stein.com\\\/wp-content\\\/uploads\\\/2023\\\/04\\\/kontakt-exklusiver-domina-fetisch-escort-service.jpg\"},\"description\":\"Amalie von Stein ist eine klassische deutsche Domina und Fetisch Escort Mistress. Als elegante High Class Domina und Fetisch Escort Mistress f\u00fcr den devoten Sklaven und Fetisch Liebhaber bietet Amalie von Stein BDSM Sessions im Hotelzimmer oder im BDSM Studio an.\",\"sameAs\":[\"http:\\\/\\\/www.amalie-von-stein.com\",\"https:\\\/\\\/www.facebook.com\\\/amalievon.stein.37\",\"https:\\\/\\\/www.instagram.com\\\/amalie_von_stein\\\/\",\"https:\\\/\\\/www.pinterest.de\\\/amalievonstein\\\/\",\"https:\\\/\\\/x.com\\\/AmalievonStein\",\"https:\\\/\\\/www.youtube.com\\\/user\\\/swtone1\"]}]}<\/script>\n<!-- \/ Yoast SEO plugin. -->","yoast_head_json":{"title":"Online-Erziehung & Online-Sessions - Amalie von Stein","description":"Sensual souvenirs for lovers and slaves. Worn lingerie, nylons and more - experience the dominant scent of Amalie von Stein at home.","robots":{"index":"index","follow":"follow","max-snippet":"max-snippet:-1","max-image-preview":"max-image-preview:large","max-video-preview":"max-video-preview:-1"},"canonical":"https:\/\/amalie-von-stein.com\/en\/product-2\/online-erziehung-online-sessions\/","og_locale":"en_US","og_type":"article","og_title":"Online-Erziehung & Online-Sessions - Amalie von Stein","og_description":"Sinnliche Souvenirs f\u00fcr Liebhaber und Sklaven. Getragene W\u00e4sche, Nylons und mehr - erlebe den dominanten Duft von Amalie von Stein zu Hause.","og_url":"https:\/\/amalie-von-stein.com\/en\/product-2\/online-erziehung-online-sessions\/","og_site_name":"Amalie von Stein","article_publisher":"https:\/\/www.facebook.com\/amalievon.stein.37","article_modified_time":"2023-11-15T08:04:20+00:00","og_image":[{"width":600,"height":600,"url":"https:\/\/amalie-von-stein.com\/wp-content\/uploads\/2023\/11\/AvS_woocommerce_Produkt_Online-Domina.png","type":"image\/png"}],"twitter_card":"summary_large_image","twitter_site":"@AmalievonStein","twitter_misc":{"Est. reading time":"2 minutes"},"schema":{"@context":"https:\/\/schema.org","@graph":[{"@type":"WebPage","@id":"https:\/\/amalie-von-stein.com\/produkt\/online-erziehung-online-sessions\/","url":"https:\/\/amalie-von-stein.com\/produkt\/online-erziehung-online-sessions\/","name":"Online-Erziehung & Online-Sessions - Amalie von Stein","isPartOf":{"@id":"https:\/\/amalie-von-stein.com\/#website"},"primaryImageOfPage":{"@id":"https:\/\/amalie-von-stein.com\/produkt\/online-erziehung-online-sessions\/#primaryimage"},"image":{"@id":"https:\/\/amalie-von-stein.com\/produkt\/online-erziehung-online-sessions\/#primaryimage"},"thumbnailUrl":"https:\/\/amalie-von-stein.com\/wp-content\/uploads\/2023\/11\/AvS_woocommerce_Produkt_Online-Domina.png","datePublished":"2023-11-15T07:05:55+00:00","dateModified":"2023-11-15T08:04:20+00:00","description":"Sensual souvenirs for lovers and slaves. Worn lingerie, nylons and more - experience the dominant scent of Amalie von Stein at home.","breadcrumb":{"@id":"https:\/\/amalie-von-stein.com\/produkt\/online-erziehung-online-sessions\/#breadcrumb"},"inLanguage":"en-US","potentialAction":[{"@type":"ReadAction","target":["https:\/\/amalie-von-stein.com\/produkt\/online-erziehung-online-sessions\/"]}]},{"@type":"ImageObject","inLanguage":"en-US","@id":"https:\/\/amalie-von-stein.com\/produkt\/online-erziehung-online-sessions\/#primaryimage","url":"https:\/\/amalie-von-stein.com\/wp-content\/uploads\/2023\/11\/AvS_woocommerce_Produkt_Online-Domina.png","contentUrl":"https:\/\/amalie-von-stein.com\/wp-content\/uploads\/2023\/11\/AvS_woocommerce_Produkt_Online-Domina.png","width":600,"height":600,"caption":"Unter der virtuellen F\u00fchrung von Domina Amalie von Stein entfaltet sich eine Welt von Online-Erziehung und -Sessions. Eine Welt der Online-Dominanz: Virtuelle Erziehung und Sessions unter der Leitung von Femdom Amalie von Stein."},{"@type":"BreadcrumbList","@id":"https:\/\/amalie-von-stein.com\/produkt\/online-erziehung-online-sessions\/#breadcrumb","itemListElement":[{"@type":"ListItem","position":1,"name":"Startseite","item":"https:\/\/amalie-von-stein.com\/"},{"@type":"ListItem","position":2,"name":"BDSM Shop","item":"https:\/\/amalie-von-stein.com\/amalie-von-stein-bdsm-shop\/"},{"@type":"ListItem","position":3,"name":"Online-Erziehung &#038; Online-Sessions"}]},{"@type":"WebSite","@id":"https:\/\/amalie-von-stein.com\/#website","url":"https:\/\/amalie-von-stein.com\/","name":"Amalie von Stein","description":"Amalie von Stein: High Class Domina und Femdom Escort f\u00fcr den devoten Gentleman.","publisher":{"@id":"https:\/\/amalie-von-stein.com\/#\/schema\/person\/aa299bddf886d0b9d5dfa855dd6f7c15"},"potentialAction":[{"@type":"SearchAction","target":{"@type":"EntryPoint","urlTemplate":"https:\/\/amalie-von-stein.com\/?s={search_term_string}"},"query-input":{"@type":"PropertyValueSpecification","valueRequired":true,"valueName":"search_term_string"}}],"inLanguage":"en-US"},{"@type":["Person","Organization"],"@id":"https:\/\/amalie-von-stein.com\/#\/schema\/person\/aa299bddf886d0b9d5dfa855dd6f7c15","name":"Femdom Amalie von Stein","image":{"@type":"ImageObject","inLanguage":"en-US","@id":"https:\/\/amalie-von-stein.com\/wp-content\/uploads\/2023\/04\/kontakt-exklusiver-domina-fetisch-escort-service.jpg","url":"https:\/\/amalie-von-stein.com\/wp-content\/uploads\/2023\/04\/kontakt-exklusiver-domina-fetisch-escort-service.jpg","contentUrl":"https:\/\/amalie-von-stein.com\/wp-content\/uploads\/2023\/04\/kontakt-exklusiver-domina-fetisch-escort-service.jpg","width":1280,"height":1920,"caption":"Femdom Amalie von Stein"},"logo":{"@id":"https:\/\/amalie-von-stein.com\/wp-content\/uploads\/2023\/04\/kontakt-exklusiver-domina-fetisch-escort-service.jpg"},"description":"Amalie von Stein ist eine klassische deutsche Domina und Fetisch Escort Mistress. Als elegante High Class Domina und Fetisch Escort Mistress f\u00fcr den devoten Sklaven und Fetisch Liebhaber bietet Amalie von Stein BDSM Sessions im Hotelzimmer oder im BDSM Studio an.","sameAs":["http:\/\/www.amalie-von-stein.com","https:\/\/www.facebook.com\/amalievon.stein.37","https:\/\/www.instagram.com\/amalie_von_stein\/","https:\/\/www.pinterest.de\/amalievonstein\/","https:\/\/x.com\/AmalievonStein","https:\/\/www.youtube.com\/user\/swtone1"]}]}},"jetpack_sharing_enabled":true,"_links":{"self":[{"href":"https:\/\/amalie-von-stein.com\/en\/wp-json\/wp\/v2\/product\/4921","targetHints":{"allow":["GET"]}}],"collection":[{"href":"https:\/\/amalie-von-stein.com\/en\/wp-json\/wp\/v2\/product"}],"about":[{"href":"https:\/\/amalie-von-stein.com\/en\/wp-json\/wp\/v2\/types\/product"}],"replies":[{"embeddable":true,"href":"https:\/\/amalie-von-stein.com\/en\/wp-json\/wp\/v2\/comments?post=4921"}],"wp:featuredmedia":[{"embeddable":true,"href":"https:\/\/amalie-von-stein.com\/en\/wp-json\/wp\/v2\/media\/4927"}],"wp:attachment":[{"href":"https:\/\/amalie-von-stein.com\/en\/wp-json\/wp\/v2\/media?parent=4921"}],"wp:term":[{"taxonomy":"product_brand","embeddable":true,"href":"https:\/\/amalie-von-stein.com\/en\/wp-json\/wp\/v2\/product_brand?post=4921"},{"taxonomy":"product_cat","embeddable":true,"href":"https:\/\/amalie-von-stein.com\/en\/wp-json\/wp\/v2\/product_cat?post=4921"},{"taxonomy":"product_tag","embeddable":true,"href":"https:\/\/amalie-von-stein.com\/en\/wp-json\/wp\/v2\/product_tag?post=4921"}],"curies":[{"name":"wp","href":"https:\/\/api.w.org\/{rel}","templated":true}]}}