{"id":4912,"date":"2023-11-14T13:46:29","date_gmt":"2023-11-14T12:46:29","guid":{"rendered":"https:\/\/amalie-von-stein.com\/?post_type=product&#038;p=4912"},"modified":"2023-11-14T14:52:12","modified_gmt":"2023-11-14T13:52:12","slug":"waesche-und-andere-souvenirs","status":"publish","type":"product","link":"https:\/\/amalie-von-stein.com\/en\/produkt\/waesche-und-andere-souvenirs\/","title":{"rendered":"Clothing and other souvenirs"},"content":{"rendered":"<p>Create intimate memories and take home a piece of Amalie von Stein - a souvenir that appeals to all the senses.<\/p>\n<p>These exclusive souvenirs are for admirers and slaves who want to experience the sensual presence of Amalie von Stein in the form of worn underwear, socks, stockings, shoes and other clothing.<\/p>\n<p><span style=\"color: #b71e3f;\"><strong>Features and benefits:<\/strong><\/span><\/p>\n<ul>\n<li><strong>Worn intimacy:<\/strong> Each garment is worn with Amalie's personal touch to create a unique fragrance journey. Experience the intimacy and sensuality in every thread.<\/li>\n<li><strong>Diverse selection:<\/strong> From seductive lingerie to elegant shoes and fragrant socks, the collection offers something for every taste.<\/li>\n<li><strong>Freshly washed or worn:<\/strong> Depending on the prospective buyer's preferences, the item of clothing can be freshly washed or sent with the seductive scent of Amalie von Stein.<\/li>\n<\/ul>\n<p>&nbsp;<\/p>\n<p><span style=\"color: #b71e3f;\"><strong>How it works:<\/strong><\/span><\/p>\n<ol>\n<li>Before purchasing, discuss with Amalie von Stein which item you would like to purchase.<\/li>\n<li>Choose the amount that we have set in advance and put the product in the shopping cart.<\/li>\n<li>If you don't find the amount you want, you can either increase the quantity or add multiple products with different amounts to the shopping cart.<\/li>\n<li>Gehe dann zum Warenkorb und w\u00e4hle den Button &#8222;Weiter zur Kasse&#8220;.<\/li>\n<li>Fill out the required fields and pay anonymously with NetDebit or paysafecard.<\/li>\n<li>Setze ein H\u00e4kchen, um zu best\u00e4tigen, dass du die Allgemeinen Gesch\u00e4ftsbedingungen akzeptierst und w\u00e4hle dann &#8222;Kostenpflichtig bezahlen&#8220;.<\/li>\n<li>After a successful transaction, Amalie von Stein will ship the fragrant souvenir in a neutral package.<\/li>\n<\/ol>","protected":false},"excerpt":{"rendered":"<p><strong>Clothing and other souvenirs:<\/strong><br \/>\nThis unique opportunity is for admirers and slaves who want to bring a touch of Amalie von Stein's personal sensuality into their own four walls.<\/p>\n<p>Experience the unique connection to Amalie von Stein through her personal lingerie and other souvenirs. Each piece tells a story and carries a touch of her dominance. <\/p>\n<p><a href=\"https:\/\/amalie-von-stein.com\/en\/produkt\/waesche-und-andere-souvenirs\/\" class=\"more-link style1-button\">Read More<\/a><\/p>","protected":false},"featured_media":4873,"comment_status":"closed","ping_status":"closed","template":"","meta":[],"product_brand":[],"product_cat":[86],"product_tag":[],"class_list":{"0":"post-4912","1":"product","2":"type-product","3":"status-publish","4":"has-post-thumbnail","6":"product_cat-tribut-dotation","8":"first","9":"instock","10":"purchasable","11":"product-type-variable"},"yoast_head":"<!-- This site is optimized with the Yoast SEO plugin v27.4 - https:\/\/yoast.com\/product\/yoast-seo-wordpress\/ -->\n<title>W\u00e4sche und andere Souvenirs - Amalie von Stein<\/title>\n<meta name=\"description\" content=\"Sinnliche Souvenirs f\u00fcr Liebhaber und Sklaven. Getragene W\u00e4sche, Nylons und mehr - erlebe den dominanten Duft von Amalie von Stein zu Hause.\" \/>\n<meta name=\"robots\" content=\"index, follow, max-snippet:-1, max-image-preview:large, max-video-preview:-1\" \/>\n<link rel=\"canonical\" href=\"https:\/\/amalie-von-stein.com\/en\/product-2\/waesche-und-andere-souvenirs\/\" \/>\n<meta property=\"og:locale\" content=\"en_US\" \/>\n<meta property=\"og:type\" content=\"article\" \/>\n<meta property=\"og:title\" content=\"W\u00e4sche und andere Souvenirs - Amalie von Stein\" \/>\n<meta property=\"og:description\" content=\"Sinnliche Souvenirs f\u00fcr Liebhaber und Sklaven. Getragene W\u00e4sche, Nylons und mehr - erlebe den dominanten Duft von Amalie von Stein zu Hause.\" \/>\n<meta property=\"og:url\" content=\"https:\/\/amalie-von-stein.com\/en\/product-2\/waesche-und-andere-souvenirs\/\" \/>\n<meta property=\"og:site_name\" content=\"Amalie von Stein\" \/>\n<meta property=\"article:publisher\" content=\"https:\/\/www.facebook.com\/amalievon.stein.37\" \/>\n<meta property=\"article:modified_time\" content=\"2023-11-14T13:52:12+00:00\" \/>\n<meta property=\"og:image\" content=\"https:\/\/amalie-von-stein.com\/wp-content\/uploads\/2023\/11\/AvS_woocommerce_Produkt_BDSM-Coaching-copy.png\" \/>\n\t<meta property=\"og:image:width\" content=\"600\" \/>\n\t<meta property=\"og:image:height\" content=\"600\" \/>\n\t<meta property=\"og:image:type\" content=\"image\/png\" \/>\n<meta name=\"twitter:card\" content=\"summary_large_image\" \/>\n<meta name=\"twitter:site\" content=\"@AmalievonStein\" \/>\n<meta name=\"twitter:label1\" content=\"Est. reading time\" \/>\n\t<meta name=\"twitter:data1\" content=\"2 minutes\" \/>\n<script type=\"application\/ld+json\" class=\"yoast-schema-graph\">{\"@context\":\"https:\\\/\\\/schema.org\",\"@graph\":[{\"@type\":\"WebPage\",\"@id\":\"https:\\\/\\\/amalie-von-stein.com\\\/produkt\\\/waesche-und-andere-souvenirs\\\/\",\"url\":\"https:\\\/\\\/amalie-von-stein.com\\\/produkt\\\/waesche-und-andere-souvenirs\\\/\",\"name\":\"W\u00e4sche und andere Souvenirs - Amalie von Stein\",\"isPartOf\":{\"@id\":\"https:\\\/\\\/amalie-von-stein.com\\\/#website\"},\"primaryImageOfPage\":{\"@id\":\"https:\\\/\\\/amalie-von-stein.com\\\/produkt\\\/waesche-und-andere-souvenirs\\\/#primaryimage\"},\"image\":{\"@id\":\"https:\\\/\\\/amalie-von-stein.com\\\/produkt\\\/waesche-und-andere-souvenirs\\\/#primaryimage\"},\"thumbnailUrl\":\"https:\\\/\\\/amalie-von-stein.com\\\/wp-content\\\/uploads\\\/2023\\\/11\\\/AvS_woocommerce_Produkt_BDSM-Coaching-copy.png\",\"datePublished\":\"2023-11-14T12:46:29+00:00\",\"dateModified\":\"2023-11-14T13:52:12+00:00\",\"description\":\"Sinnliche Souvenirs f\u00fcr Liebhaber und Sklaven. Getragene W\u00e4sche, Nylons und mehr - erlebe den dominanten Duft von Amalie von Stein zu Hause.\",\"breadcrumb\":{\"@id\":\"https:\\\/\\\/amalie-von-stein.com\\\/produkt\\\/waesche-und-andere-souvenirs\\\/#breadcrumb\"},\"inLanguage\":\"en-US\",\"potentialAction\":[{\"@type\":\"ReadAction\",\"target\":[\"https:\\\/\\\/amalie-von-stein.com\\\/produkt\\\/waesche-und-andere-souvenirs\\\/\"]}]},{\"@type\":\"ImageObject\",\"inLanguage\":\"en-US\",\"@id\":\"https:\\\/\\\/amalie-von-stein.com\\\/produkt\\\/waesche-und-andere-souvenirs\\\/#primaryimage\",\"url\":\"https:\\\/\\\/amalie-von-stein.com\\\/wp-content\\\/uploads\\\/2023\\\/11\\\/AvS_woocommerce_Produkt_BDSM-Coaching-copy.png\",\"contentUrl\":\"https:\\\/\\\/amalie-von-stein.com\\\/wp-content\\\/uploads\\\/2023\\\/11\\\/AvS_woocommerce_Produkt_BDSM-Coaching-copy.png\",\"width\":600,\"height\":600,\"caption\":\"Domina Amalie von Stein bietet intime Souvenirs in Form von getragener Kleidung, Unterw\u00e4sche, Schuhen und Nylons an. Diese pers\u00f6nlichen Accessoires tragen die Aura der beherrschten Leidenschaft und verk\u00f6rpern die einzigartige Pr\u00e4senz von Domina Amalie von Stein. Ein Angebot f\u00fcr Kenner, die die verf\u00fchrerische Energie und Dominanz in Form von getragener W\u00e4sche erleben m\u00f6chten.\"},{\"@type\":\"BreadcrumbList\",\"@id\":\"https:\\\/\\\/amalie-von-stein.com\\\/produkt\\\/waesche-und-andere-souvenirs\\\/#breadcrumb\",\"itemListElement\":[{\"@type\":\"ListItem\",\"position\":1,\"name\":\"Startseite\",\"item\":\"https:\\\/\\\/amalie-von-stein.com\\\/\"},{\"@type\":\"ListItem\",\"position\":2,\"name\":\"BDSM Shop\",\"item\":\"https:\\\/\\\/amalie-von-stein.com\\\/amalie-von-stein-bdsm-shop\\\/\"},{\"@type\":\"ListItem\",\"position\":3,\"name\":\"W\u00e4sche und andere Souvenirs\"}]},{\"@type\":\"WebSite\",\"@id\":\"https:\\\/\\\/amalie-von-stein.com\\\/#website\",\"url\":\"https:\\\/\\\/amalie-von-stein.com\\\/\",\"name\":\"Amalie von Stein\",\"description\":\"Amalie von Stein: High Class Domina und Femdom Escort f\u00fcr den devoten Gentleman.\",\"publisher\":{\"@id\":\"https:\\\/\\\/amalie-von-stein.com\\\/#\\\/schema\\\/person\\\/aa299bddf886d0b9d5dfa855dd6f7c15\"},\"potentialAction\":[{\"@type\":\"SearchAction\",\"target\":{\"@type\":\"EntryPoint\",\"urlTemplate\":\"https:\\\/\\\/amalie-von-stein.com\\\/?s={search_term_string}\"},\"query-input\":{\"@type\":\"PropertyValueSpecification\",\"valueRequired\":true,\"valueName\":\"search_term_string\"}}],\"inLanguage\":\"en-US\"},{\"@type\":[\"Person\",\"Organization\"],\"@id\":\"https:\\\/\\\/amalie-von-stein.com\\\/#\\\/schema\\\/person\\\/aa299bddf886d0b9d5dfa855dd6f7c15\",\"name\":\"Femdom Amalie von Stein\",\"image\":{\"@type\":\"ImageObject\",\"inLanguage\":\"en-US\",\"@id\":\"https:\\\/\\\/amalie-von-stein.com\\\/wp-content\\\/uploads\\\/2023\\\/04\\\/kontakt-exklusiver-domina-fetisch-escort-service.jpg\",\"url\":\"https:\\\/\\\/amalie-von-stein.com\\\/wp-content\\\/uploads\\\/2023\\\/04\\\/kontakt-exklusiver-domina-fetisch-escort-service.jpg\",\"contentUrl\":\"https:\\\/\\\/amalie-von-stein.com\\\/wp-content\\\/uploads\\\/2023\\\/04\\\/kontakt-exklusiver-domina-fetisch-escort-service.jpg\",\"width\":1280,\"height\":1920,\"caption\":\"Femdom Amalie von Stein\"},\"logo\":{\"@id\":\"https:\\\/\\\/amalie-von-stein.com\\\/wp-content\\\/uploads\\\/2023\\\/04\\\/kontakt-exklusiver-domina-fetisch-escort-service.jpg\"},\"description\":\"Amalie von Stein ist eine klassische deutsche Domina und Fetisch Escort Mistress. Als elegante High Class Domina und Fetisch Escort Mistress f\u00fcr den devoten Sklaven und Fetisch Liebhaber bietet Amalie von Stein BDSM Sessions im Hotelzimmer oder im BDSM Studio an.\",\"sameAs\":[\"http:\\\/\\\/www.amalie-von-stein.com\",\"https:\\\/\\\/www.facebook.com\\\/amalievon.stein.37\",\"https:\\\/\\\/www.instagram.com\\\/amalie_von_stein\\\/\",\"https:\\\/\\\/www.pinterest.de\\\/amalievonstein\\\/\",\"https:\\\/\\\/x.com\\\/AmalievonStein\",\"https:\\\/\\\/www.youtube.com\\\/user\\\/swtone1\"]}]}<\/script>\n<!-- \/ Yoast SEO plugin. -->","yoast_head_json":{"title":"W\u00e4sche und andere Souvenirs - Amalie von Stein","description":"Sensual souvenirs for lovers and slaves. Worn lingerie, nylons and more - experience the dominant scent of Amalie von Stein at home.","robots":{"index":"index","follow":"follow","max-snippet":"max-snippet:-1","max-image-preview":"max-image-preview:large","max-video-preview":"max-video-preview:-1"},"canonical":"https:\/\/amalie-von-stein.com\/en\/product-2\/waesche-und-andere-souvenirs\/","og_locale":"en_US","og_type":"article","og_title":"W\u00e4sche und andere Souvenirs - Amalie von Stein","og_description":"Sinnliche Souvenirs f\u00fcr Liebhaber und Sklaven. Getragene W\u00e4sche, Nylons und mehr - erlebe den dominanten Duft von Amalie von Stein zu Hause.","og_url":"https:\/\/amalie-von-stein.com\/en\/product-2\/waesche-und-andere-souvenirs\/","og_site_name":"Amalie von Stein","article_publisher":"https:\/\/www.facebook.com\/amalievon.stein.37","article_modified_time":"2023-11-14T13:52:12+00:00","og_image":[{"width":600,"height":600,"url":"https:\/\/amalie-von-stein.com\/wp-content\/uploads\/2023\/11\/AvS_woocommerce_Produkt_BDSM-Coaching-copy.png","type":"image\/png"}],"twitter_card":"summary_large_image","twitter_site":"@AmalievonStein","twitter_misc":{"Est. reading time":"2 minutes"},"schema":{"@context":"https:\/\/schema.org","@graph":[{"@type":"WebPage","@id":"https:\/\/amalie-von-stein.com\/produkt\/waesche-und-andere-souvenirs\/","url":"https:\/\/amalie-von-stein.com\/produkt\/waesche-und-andere-souvenirs\/","name":"W\u00e4sche und andere Souvenirs - Amalie von Stein","isPartOf":{"@id":"https:\/\/amalie-von-stein.com\/#website"},"primaryImageOfPage":{"@id":"https:\/\/amalie-von-stein.com\/produkt\/waesche-und-andere-souvenirs\/#primaryimage"},"image":{"@id":"https:\/\/amalie-von-stein.com\/produkt\/waesche-und-andere-souvenirs\/#primaryimage"},"thumbnailUrl":"https:\/\/amalie-von-stein.com\/wp-content\/uploads\/2023\/11\/AvS_woocommerce_Produkt_BDSM-Coaching-copy.png","datePublished":"2023-11-14T12:46:29+00:00","dateModified":"2023-11-14T13:52:12+00:00","description":"Sensual souvenirs for lovers and slaves. Worn lingerie, nylons and more - experience the dominant scent of Amalie von Stein at home.","breadcrumb":{"@id":"https:\/\/amalie-von-stein.com\/produkt\/waesche-und-andere-souvenirs\/#breadcrumb"},"inLanguage":"en-US","potentialAction":[{"@type":"ReadAction","target":["https:\/\/amalie-von-stein.com\/produkt\/waesche-und-andere-souvenirs\/"]}]},{"@type":"ImageObject","inLanguage":"en-US","@id":"https:\/\/amalie-von-stein.com\/produkt\/waesche-und-andere-souvenirs\/#primaryimage","url":"https:\/\/amalie-von-stein.com\/wp-content\/uploads\/2023\/11\/AvS_woocommerce_Produkt_BDSM-Coaching-copy.png","contentUrl":"https:\/\/amalie-von-stein.com\/wp-content\/uploads\/2023\/11\/AvS_woocommerce_Produkt_BDSM-Coaching-copy.png","width":600,"height":600,"caption":"Domina Amalie von Stein bietet intime Souvenirs in Form von getragener Kleidung, Unterw\u00e4sche, Schuhen und Nylons an. Diese pers\u00f6nlichen Accessoires tragen die Aura der beherrschten Leidenschaft und verk\u00f6rpern die einzigartige Pr\u00e4senz von Domina Amalie von Stein. Ein Angebot f\u00fcr Kenner, die die verf\u00fchrerische Energie und Dominanz in Form von getragener W\u00e4sche erleben m\u00f6chten."},{"@type":"BreadcrumbList","@id":"https:\/\/amalie-von-stein.com\/produkt\/waesche-und-andere-souvenirs\/#breadcrumb","itemListElement":[{"@type":"ListItem","position":1,"name":"Startseite","item":"https:\/\/amalie-von-stein.com\/"},{"@type":"ListItem","position":2,"name":"BDSM Shop","item":"https:\/\/amalie-von-stein.com\/amalie-von-stein-bdsm-shop\/"},{"@type":"ListItem","position":3,"name":"W\u00e4sche und andere Souvenirs"}]},{"@type":"WebSite","@id":"https:\/\/amalie-von-stein.com\/#website","url":"https:\/\/amalie-von-stein.com\/","name":"Amalie von Stein","description":"Amalie von Stein: High Class Domina und Femdom Escort f\u00fcr den devoten Gentleman.","publisher":{"@id":"https:\/\/amalie-von-stein.com\/#\/schema\/person\/aa299bddf886d0b9d5dfa855dd6f7c15"},"potentialAction":[{"@type":"SearchAction","target":{"@type":"EntryPoint","urlTemplate":"https:\/\/amalie-von-stein.com\/?s={search_term_string}"},"query-input":{"@type":"PropertyValueSpecification","valueRequired":true,"valueName":"search_term_string"}}],"inLanguage":"en-US"},{"@type":["Person","Organization"],"@id":"https:\/\/amalie-von-stein.com\/#\/schema\/person\/aa299bddf886d0b9d5dfa855dd6f7c15","name":"Femdom Amalie von Stein","image":{"@type":"ImageObject","inLanguage":"en-US","@id":"https:\/\/amalie-von-stein.com\/wp-content\/uploads\/2023\/04\/kontakt-exklusiver-domina-fetisch-escort-service.jpg","url":"https:\/\/amalie-von-stein.com\/wp-content\/uploads\/2023\/04\/kontakt-exklusiver-domina-fetisch-escort-service.jpg","contentUrl":"https:\/\/amalie-von-stein.com\/wp-content\/uploads\/2023\/04\/kontakt-exklusiver-domina-fetisch-escort-service.jpg","width":1280,"height":1920,"caption":"Femdom Amalie von Stein"},"logo":{"@id":"https:\/\/amalie-von-stein.com\/wp-content\/uploads\/2023\/04\/kontakt-exklusiver-domina-fetisch-escort-service.jpg"},"description":"Amalie von Stein ist eine klassische deutsche Domina und Fetisch Escort Mistress. Als elegante High Class Domina und Fetisch Escort Mistress f\u00fcr den devoten Sklaven und Fetisch Liebhaber bietet Amalie von Stein BDSM Sessions im Hotelzimmer oder im BDSM Studio an.","sameAs":["http:\/\/www.amalie-von-stein.com","https:\/\/www.facebook.com\/amalievon.stein.37","https:\/\/www.instagram.com\/amalie_von_stein\/","https:\/\/www.pinterest.de\/amalievonstein\/","https:\/\/x.com\/AmalievonStein","https:\/\/www.youtube.com\/user\/swtone1"]}]}},"jetpack_sharing_enabled":true,"_links":{"self":[{"href":"https:\/\/amalie-von-stein.com\/en\/wp-json\/wp\/v2\/product\/4912","targetHints":{"allow":["GET"]}}],"collection":[{"href":"https:\/\/amalie-von-stein.com\/en\/wp-json\/wp\/v2\/product"}],"about":[{"href":"https:\/\/amalie-von-stein.com\/en\/wp-json\/wp\/v2\/types\/product"}],"replies":[{"embeddable":true,"href":"https:\/\/amalie-von-stein.com\/en\/wp-json\/wp\/v2\/comments?post=4912"}],"wp:featuredmedia":[{"embeddable":true,"href":"https:\/\/amalie-von-stein.com\/en\/wp-json\/wp\/v2\/media\/4873"}],"wp:attachment":[{"href":"https:\/\/amalie-von-stein.com\/en\/wp-json\/wp\/v2\/media?parent=4912"}],"wp:term":[{"taxonomy":"product_brand","embeddable":true,"href":"https:\/\/amalie-von-stein.com\/en\/wp-json\/wp\/v2\/product_brand?post=4912"},{"taxonomy":"product_cat","embeddable":true,"href":"https:\/\/amalie-von-stein.com\/en\/wp-json\/wp\/v2\/product_cat?post=4912"},{"taxonomy":"product_tag","embeddable":true,"href":"https:\/\/amalie-von-stein.com\/en\/wp-json\/wp\/v2\/product_tag?post=4912"}],"curies":[{"name":"wp","href":"https:\/\/api.w.org\/{rel}","templated":true}]}}