{"id":4906,"date":"2023-11-14T12:36:29","date_gmt":"2023-11-14T11:36:29","guid":{"rendered":"https:\/\/amalie-von-stein.com\/?post_type=product&#038;p=4906"},"modified":"2023-11-14T14:53:02","modified_gmt":"2023-11-14T13:53:02","slug":"personalisierte-videos","status":"publish","type":"product","link":"https:\/\/amalie-von-stein.com\/en\/produkt\/personalisierte-videos\/","title":{"rendered":"Custom Clips"},"content":{"rendered":"<p>Immerse yourself in the world of lustful femdom with Amalie von Stein - an offer specifically designed for BDSM and fetish fans looking for high quality, customized entertainment.<\/p>\n<p>Personalized Videos: offers a customized experience for femdom, BDSM and fetish enthusiasts who want to bring their deepest fantasies to life in a high-quality video from Amalie von Stein.<\/p>\n<p><span style=\"color: #b71e3f;\"><strong>Features and benefits:<\/strong><\/span><\/p>\n<ul>\n<li><strong>Individual agreement:<\/strong> Before you purchase, a personal agreement takes place in which you share your ideas and desires with Amalie von Stein. From gentle dominance scenarios to more intense fetish displays \u2013 individuality is the focus here.<\/li>\n<li><strong>Tailor-made production:<\/strong> Amalie von Stein will turn your ideas into a high-quality and professional video. Each scene is carefully crafted to perfectly embody your personal fetish and individual preferences.<\/li>\n<li><strong>Discreet download:<\/strong> After production, you will receive a secure link from Amalie von Stein through which you can download your personal femdom video - for private moments of enjoyment in absolute discretion.<\/li>\n<\/ul>\n<p>&nbsp;<\/p>\n<p><span style=\"color: #b71e3f;\"><strong>How it works:<\/strong><\/span><\/p>\n<ol>\n<li>Before purchasing the personalized video, share your deepest fantasies and desires with Amalie von Stein.<\/li>\n<li>Choose the amount that we have set in advance and put the product in the shopping cart.<\/li>\n<li>If you don't find the amount you want, you can either increase the quantity or add multiple products with different amounts to the shopping cart.<\/li>\n<li>Gehe dann zum Warenkorb und w\u00e4hle den Button &#8222;Weiter zur Kasse&#8220;.<\/li>\n<li>Fill out the required fields and pay anonymously with NetDebit or paysafecard.<\/li>\n<li>Setze ein H\u00e4kchen, um zu best\u00e4tigen, dass du die Allgemeinen Gesch\u00e4ftsbedingungen akzeptierst und w\u00e4hle dann &#8222;Kostenpflichtig bezahlen&#8220;.<\/li>\n<li>After a successful transaction, Amalie von Stein will send you an exclusive link to download your personalized femdom video.<\/li>\n<\/ol>","protected":false},"excerpt":{"rendered":"<p><strong>Personalized videos:<\/strong><br \/>\nExperience the sublime world of personalized femdom art with Amalie von Stein. Each video is a unique journey into the depths of pleasure, designed according to your individual ideas. Let Amalie von Stein take you into a world of devotion and eroticism that leaves nothing to be desired.<\/p>\n<p>Experience the unique opportunity to bring your deepest fantasies to life in a high-quality, custom-made video.<\/p>\n<p><a href=\"https:\/\/amalie-von-stein.com\/en\/produkt\/personalisierte-videos\/\" class=\"more-link style1-button\">Read More<\/a><\/p>","protected":false},"featured_media":4871,"comment_status":"closed","ping_status":"closed","template":"","meta":[],"product_brand":[],"product_cat":[86],"product_tag":[],"class_list":{"0":"post-4906","1":"product","2":"type-product","3":"status-publish","4":"has-post-thumbnail","6":"product_cat-tribut-dotation","8":"first","9":"instock","10":"purchasable","11":"product-type-variable"},"yoast_head":"<!-- This site is optimized with the Yoast SEO plugin v27.3 - https:\/\/yoast.com\/product\/yoast-seo-wordpress\/ -->\n<title>Personalisierte Videos - Amalie von Stein<\/title>\n<meta name=\"description\" content=\"Entdecke die personalisierten Femdom-Videos von Amalie von Stein. Einzigartige Lustreisen nach deinen W\u00fcnschen. Hingabe und Erotik in jeder Einstellung.\" \/>\n<meta name=\"robots\" content=\"index, follow, max-snippet:-1, max-image-preview:large, max-video-preview:-1\" \/>\n<link rel=\"canonical\" href=\"https:\/\/amalie-von-stein.com\/en\/product-2\/personalisierte-videos\/\" \/>\n<meta property=\"og:locale\" content=\"en_US\" \/>\n<meta property=\"og:type\" content=\"article\" \/>\n<meta property=\"og:title\" content=\"Personalisierte Videos - Amalie von Stein\" \/>\n<meta property=\"og:description\" content=\"Entdecke die personalisierten Femdom-Videos von Amalie von Stein. Einzigartige Lustreisen nach deinen W\u00fcnschen. Hingabe und Erotik in jeder Einstellung.\" \/>\n<meta property=\"og:url\" content=\"https:\/\/amalie-von-stein.com\/en\/product-2\/personalisierte-videos\/\" \/>\n<meta property=\"og:site_name\" content=\"Amalie von Stein\" \/>\n<meta property=\"article:publisher\" content=\"https:\/\/www.facebook.com\/amalievon.stein.37\" \/>\n<meta property=\"article:modified_time\" content=\"2023-11-14T13:53:02+00:00\" \/>\n<meta property=\"og:image\" content=\"https:\/\/amalie-von-stein.com\/wp-content\/uploads\/2023\/11\/AvS_woocommerce_Produkt_Custom-Clips.png\" \/>\n\t<meta property=\"og:image:width\" content=\"600\" \/>\n\t<meta property=\"og:image:height\" content=\"600\" \/>\n\t<meta property=\"og:image:type\" content=\"image\/png\" \/>\n<meta name=\"twitter:card\" content=\"summary_large_image\" \/>\n<meta name=\"twitter:site\" content=\"@AmalievonStein\" \/>\n<meta name=\"twitter:label1\" content=\"Est. reading time\" \/>\n\t<meta name=\"twitter:data1\" content=\"2 minutes\" \/>\n<script type=\"application\/ld+json\" class=\"yoast-schema-graph\">{\"@context\":\"https:\\\/\\\/schema.org\",\"@graph\":[{\"@type\":\"WebPage\",\"@id\":\"https:\\\/\\\/amalie-von-stein.com\\\/produkt\\\/personalisierte-videos\\\/\",\"url\":\"https:\\\/\\\/amalie-von-stein.com\\\/produkt\\\/personalisierte-videos\\\/\",\"name\":\"Personalisierte Videos - Amalie von Stein\",\"isPartOf\":{\"@id\":\"https:\\\/\\\/amalie-von-stein.com\\\/#website\"},\"primaryImageOfPage\":{\"@id\":\"https:\\\/\\\/amalie-von-stein.com\\\/produkt\\\/personalisierte-videos\\\/#primaryimage\"},\"image\":{\"@id\":\"https:\\\/\\\/amalie-von-stein.com\\\/produkt\\\/personalisierte-videos\\\/#primaryimage\"},\"thumbnailUrl\":\"https:\\\/\\\/amalie-von-stein.com\\\/wp-content\\\/uploads\\\/2023\\\/11\\\/AvS_woocommerce_Produkt_Custom-Clips.png\",\"datePublished\":\"2023-11-14T11:36:29+00:00\",\"dateModified\":\"2023-11-14T13:53:02+00:00\",\"description\":\"Entdecke die personalisierten Femdom-Videos von Amalie von Stein. Einzigartige Lustreisen nach deinen W\u00fcnschen. Hingabe und Erotik in jeder Einstellung.\",\"breadcrumb\":{\"@id\":\"https:\\\/\\\/amalie-von-stein.com\\\/produkt\\\/personalisierte-videos\\\/#breadcrumb\"},\"inLanguage\":\"en-US\",\"potentialAction\":[{\"@type\":\"ReadAction\",\"target\":[\"https:\\\/\\\/amalie-von-stein.com\\\/produkt\\\/personalisierte-videos\\\/\"]}]},{\"@type\":\"ImageObject\",\"inLanguage\":\"en-US\",\"@id\":\"https:\\\/\\\/amalie-von-stein.com\\\/produkt\\\/personalisierte-videos\\\/#primaryimage\",\"url\":\"https:\\\/\\\/amalie-von-stein.com\\\/wp-content\\\/uploads\\\/2023\\\/11\\\/AvS_woocommerce_Produkt_Custom-Clips.png\",\"contentUrl\":\"https:\\\/\\\/amalie-von-stein.com\\\/wp-content\\\/uploads\\\/2023\\\/11\\\/AvS_woocommerce_Produkt_Custom-Clips.png\",\"width\":600,\"height\":600,\"caption\":\"Unter der einzigartigen Regie von Domina Amalie von Stein k\u00f6nnen Sie Ihre verborgenen W\u00fcnsche in ma\u00dfgeschneiderten Clips realisieren. Jeder Aspekt des Videos wird nach Ihren Vorstellungen gestaltet, w\u00e4hrend die Herrschaft von Domina Amalie von Stein die pers\u00f6nliche Note hinzuf\u00fcgt. Ein Spiel von Macht, Fantasie und ma\u00dfgeschneiderter Verf\u00fchrung, das Ihr individuelles Verlangen verk\u00f6rpert.\"},{\"@type\":\"BreadcrumbList\",\"@id\":\"https:\\\/\\\/amalie-von-stein.com\\\/produkt\\\/personalisierte-videos\\\/#breadcrumb\",\"itemListElement\":[{\"@type\":\"ListItem\",\"position\":1,\"name\":\"Startseite\",\"item\":\"https:\\\/\\\/amalie-von-stein.com\\\/\"},{\"@type\":\"ListItem\",\"position\":2,\"name\":\"BDSM Shop\",\"item\":\"https:\\\/\\\/amalie-von-stein.com\\\/amalie-von-stein-bdsm-shop\\\/\"},{\"@type\":\"ListItem\",\"position\":3,\"name\":\"Personalisierte Videos\"}]},{\"@type\":\"WebSite\",\"@id\":\"https:\\\/\\\/amalie-von-stein.com\\\/#website\",\"url\":\"https:\\\/\\\/amalie-von-stein.com\\\/\",\"name\":\"Amalie von Stein\",\"description\":\"Amalie von Stein: High Class Domina und Femdom Escort f\u00fcr den devoten Gentleman.\",\"publisher\":{\"@id\":\"https:\\\/\\\/amalie-von-stein.com\\\/#\\\/schema\\\/person\\\/aa299bddf886d0b9d5dfa855dd6f7c15\"},\"potentialAction\":[{\"@type\":\"SearchAction\",\"target\":{\"@type\":\"EntryPoint\",\"urlTemplate\":\"https:\\\/\\\/amalie-von-stein.com\\\/?s={search_term_string}\"},\"query-input\":{\"@type\":\"PropertyValueSpecification\",\"valueRequired\":true,\"valueName\":\"search_term_string\"}}],\"inLanguage\":\"en-US\"},{\"@type\":[\"Person\",\"Organization\"],\"@id\":\"https:\\\/\\\/amalie-von-stein.com\\\/#\\\/schema\\\/person\\\/aa299bddf886d0b9d5dfa855dd6f7c15\",\"name\":\"Femdom Amalie von Stein\",\"image\":{\"@type\":\"ImageObject\",\"inLanguage\":\"en-US\",\"@id\":\"https:\\\/\\\/amalie-von-stein.com\\\/wp-content\\\/uploads\\\/2023\\\/04\\\/kontakt-exklusiver-domina-fetisch-escort-service.jpg\",\"url\":\"https:\\\/\\\/amalie-von-stein.com\\\/wp-content\\\/uploads\\\/2023\\\/04\\\/kontakt-exklusiver-domina-fetisch-escort-service.jpg\",\"contentUrl\":\"https:\\\/\\\/amalie-von-stein.com\\\/wp-content\\\/uploads\\\/2023\\\/04\\\/kontakt-exklusiver-domina-fetisch-escort-service.jpg\",\"width\":1280,\"height\":1920,\"caption\":\"Femdom Amalie von Stein\"},\"logo\":{\"@id\":\"https:\\\/\\\/amalie-von-stein.com\\\/wp-content\\\/uploads\\\/2023\\\/04\\\/kontakt-exklusiver-domina-fetisch-escort-service.jpg\"},\"description\":\"Amalie von Stein ist eine klassische deutsche Domina und Fetisch Escort Mistress. Als elegante High Class Domina und Fetisch Escort Mistress f\u00fcr den devoten Sklaven und Fetisch Liebhaber bietet Amalie von Stein BDSM Sessions im Hotelzimmer oder im BDSM Studio an.\",\"sameAs\":[\"http:\\\/\\\/www.amalie-von-stein.com\",\"https:\\\/\\\/www.facebook.com\\\/amalievon.stein.37\",\"https:\\\/\\\/www.instagram.com\\\/amalie_von_stein\\\/\",\"https:\\\/\\\/www.pinterest.de\\\/amalievonstein\\\/\",\"https:\\\/\\\/x.com\\\/AmalievonStein\",\"https:\\\/\\\/www.youtube.com\\\/user\\\/swtone1\"]}]}<\/script>\n<!-- \/ Yoast SEO plugin. -->","yoast_head_json":{"title":"Personalisierte Videos - Amalie von Stein","description":"Discover Amalie von Stein's personalized femdom videos. Unique pleasure journeys according to your wishes. Devotion and eroticism in any setting.","robots":{"index":"index","follow":"follow","max-snippet":"max-snippet:-1","max-image-preview":"max-image-preview:large","max-video-preview":"max-video-preview:-1"},"canonical":"https:\/\/amalie-von-stein.com\/en\/product-2\/personalisierte-videos\/","og_locale":"en_US","og_type":"article","og_title":"Personalisierte Videos - Amalie von Stein","og_description":"Entdecke die personalisierten Femdom-Videos von Amalie von Stein. Einzigartige Lustreisen nach deinen W\u00fcnschen. Hingabe und Erotik in jeder Einstellung.","og_url":"https:\/\/amalie-von-stein.com\/en\/product-2\/personalisierte-videos\/","og_site_name":"Amalie von Stein","article_publisher":"https:\/\/www.facebook.com\/amalievon.stein.37","article_modified_time":"2023-11-14T13:53:02+00:00","og_image":[{"width":600,"height":600,"url":"https:\/\/amalie-von-stein.com\/wp-content\/uploads\/2023\/11\/AvS_woocommerce_Produkt_Custom-Clips.png","type":"image\/png"}],"twitter_card":"summary_large_image","twitter_site":"@AmalievonStein","twitter_misc":{"Est. reading time":"2 minutes"},"schema":{"@context":"https:\/\/schema.org","@graph":[{"@type":"WebPage","@id":"https:\/\/amalie-von-stein.com\/produkt\/personalisierte-videos\/","url":"https:\/\/amalie-von-stein.com\/produkt\/personalisierte-videos\/","name":"Personalisierte Videos - Amalie von Stein","isPartOf":{"@id":"https:\/\/amalie-von-stein.com\/#website"},"primaryImageOfPage":{"@id":"https:\/\/amalie-von-stein.com\/produkt\/personalisierte-videos\/#primaryimage"},"image":{"@id":"https:\/\/amalie-von-stein.com\/produkt\/personalisierte-videos\/#primaryimage"},"thumbnailUrl":"https:\/\/amalie-von-stein.com\/wp-content\/uploads\/2023\/11\/AvS_woocommerce_Produkt_Custom-Clips.png","datePublished":"2023-11-14T11:36:29+00:00","dateModified":"2023-11-14T13:53:02+00:00","description":"Discover Amalie von Stein's personalized femdom videos. Unique pleasure journeys according to your wishes. Devotion and eroticism in any setting.","breadcrumb":{"@id":"https:\/\/amalie-von-stein.com\/produkt\/personalisierte-videos\/#breadcrumb"},"inLanguage":"en-US","potentialAction":[{"@type":"ReadAction","target":["https:\/\/amalie-von-stein.com\/produkt\/personalisierte-videos\/"]}]},{"@type":"ImageObject","inLanguage":"en-US","@id":"https:\/\/amalie-von-stein.com\/produkt\/personalisierte-videos\/#primaryimage","url":"https:\/\/amalie-von-stein.com\/wp-content\/uploads\/2023\/11\/AvS_woocommerce_Produkt_Custom-Clips.png","contentUrl":"https:\/\/amalie-von-stein.com\/wp-content\/uploads\/2023\/11\/AvS_woocommerce_Produkt_Custom-Clips.png","width":600,"height":600,"caption":"Unter der einzigartigen Regie von Domina Amalie von Stein k\u00f6nnen Sie Ihre verborgenen W\u00fcnsche in ma\u00dfgeschneiderten Clips realisieren. Jeder Aspekt des Videos wird nach Ihren Vorstellungen gestaltet, w\u00e4hrend die Herrschaft von Domina Amalie von Stein die pers\u00f6nliche Note hinzuf\u00fcgt. Ein Spiel von Macht, Fantasie und ma\u00dfgeschneiderter Verf\u00fchrung, das Ihr individuelles Verlangen verk\u00f6rpert."},{"@type":"BreadcrumbList","@id":"https:\/\/amalie-von-stein.com\/produkt\/personalisierte-videos\/#breadcrumb","itemListElement":[{"@type":"ListItem","position":1,"name":"Startseite","item":"https:\/\/amalie-von-stein.com\/"},{"@type":"ListItem","position":2,"name":"BDSM Shop","item":"https:\/\/amalie-von-stein.com\/amalie-von-stein-bdsm-shop\/"},{"@type":"ListItem","position":3,"name":"Personalisierte Videos"}]},{"@type":"WebSite","@id":"https:\/\/amalie-von-stein.com\/#website","url":"https:\/\/amalie-von-stein.com\/","name":"Amalie von Stein","description":"Amalie von Stein: High Class Domina und Femdom Escort f\u00fcr den devoten Gentleman.","publisher":{"@id":"https:\/\/amalie-von-stein.com\/#\/schema\/person\/aa299bddf886d0b9d5dfa855dd6f7c15"},"potentialAction":[{"@type":"SearchAction","target":{"@type":"EntryPoint","urlTemplate":"https:\/\/amalie-von-stein.com\/?s={search_term_string}"},"query-input":{"@type":"PropertyValueSpecification","valueRequired":true,"valueName":"search_term_string"}}],"inLanguage":"en-US"},{"@type":["Person","Organization"],"@id":"https:\/\/amalie-von-stein.com\/#\/schema\/person\/aa299bddf886d0b9d5dfa855dd6f7c15","name":"Femdom Amalie von Stein","image":{"@type":"ImageObject","inLanguage":"en-US","@id":"https:\/\/amalie-von-stein.com\/wp-content\/uploads\/2023\/04\/kontakt-exklusiver-domina-fetisch-escort-service.jpg","url":"https:\/\/amalie-von-stein.com\/wp-content\/uploads\/2023\/04\/kontakt-exklusiver-domina-fetisch-escort-service.jpg","contentUrl":"https:\/\/amalie-von-stein.com\/wp-content\/uploads\/2023\/04\/kontakt-exklusiver-domina-fetisch-escort-service.jpg","width":1280,"height":1920,"caption":"Femdom Amalie von Stein"},"logo":{"@id":"https:\/\/amalie-von-stein.com\/wp-content\/uploads\/2023\/04\/kontakt-exklusiver-domina-fetisch-escort-service.jpg"},"description":"Amalie von Stein ist eine klassische deutsche Domina und Fetisch Escort Mistress. Als elegante High Class Domina und Fetisch Escort Mistress f\u00fcr den devoten Sklaven und Fetisch Liebhaber bietet Amalie von Stein BDSM Sessions im Hotelzimmer oder im BDSM Studio an.","sameAs":["http:\/\/www.amalie-von-stein.com","https:\/\/www.facebook.com\/amalievon.stein.37","https:\/\/www.instagram.com\/amalie_von_stein\/","https:\/\/www.pinterest.de\/amalievonstein\/","https:\/\/x.com\/AmalievonStein","https:\/\/www.youtube.com\/user\/swtone1"]}]}},"jetpack_sharing_enabled":true,"_links":{"self":[{"href":"https:\/\/amalie-von-stein.com\/en\/wp-json\/wp\/v2\/product\/4906","targetHints":{"allow":["GET"]}}],"collection":[{"href":"https:\/\/amalie-von-stein.com\/en\/wp-json\/wp\/v2\/product"}],"about":[{"href":"https:\/\/amalie-von-stein.com\/en\/wp-json\/wp\/v2\/types\/product"}],"replies":[{"embeddable":true,"href":"https:\/\/amalie-von-stein.com\/en\/wp-json\/wp\/v2\/comments?post=4906"}],"wp:featuredmedia":[{"embeddable":true,"href":"https:\/\/amalie-von-stein.com\/en\/wp-json\/wp\/v2\/media\/4871"}],"wp:attachment":[{"href":"https:\/\/amalie-von-stein.com\/en\/wp-json\/wp\/v2\/media?parent=4906"}],"wp:term":[{"taxonomy":"product_brand","embeddable":true,"href":"https:\/\/amalie-von-stein.com\/en\/wp-json\/wp\/v2\/product_brand?post=4906"},{"taxonomy":"product_cat","embeddable":true,"href":"https:\/\/amalie-von-stein.com\/en\/wp-json\/wp\/v2\/product_cat?post=4906"},{"taxonomy":"product_tag","embeddable":true,"href":"https:\/\/amalie-von-stein.com\/en\/wp-json\/wp\/v2\/product_tag?post=4906"}],"curies":[{"name":"wp","href":"https:\/\/api.w.org\/{rel}","templated":true}]}}