{"id":4900,"date":"2023-11-14T10:46:03","date_gmt":"2023-11-14T09:46:03","guid":{"rendered":"https:\/\/amalie-von-stein.com\/?post_type=product&#038;p=4900"},"modified":"2023-11-14T14:53:44","modified_gmt":"2023-11-14T13:53:44","slug":"bdsm-coaching","status":"publish","type":"product","link":"https:\/\/amalie-von-stein.com\/en\/produkt\/bdsm-coaching\/","title":{"rendered":"BDSM coaching"},"content":{"rendered":"<p>Exclusive BDSM coaching offer - a unique opportunity to explore the exciting world of dominance and submission. My tailor-made coaching is aimed at beginners, the curious and the advanced who want to realize their fantasies and desires in a private atmosphere with Amalie von Stein.<\/p>\n<p>Tailored BDSM Coaching: Amalie von Stein offers individual coaching tailored to the personal needs and desires of the individual. From fetish to BDSM, from gentle dominance to more intense types of play - the focus here is on personal development.<\/p>\n<p><span style=\"color: #b71e3f;\"><strong>Features and benefits:<\/strong><\/span><\/p>\n<ul>\n<li><strong>Private atmosphere:<\/strong> Coaching takes place virtually via video clip or video meeting in a private setting to ensure a safe and relaxed learning environment.<\/li>\n<li><strong>Variety of topics:<\/strong> Based entirely on the individual preferences and inclinations of those interested, Amalie von Stein addresses a wide variety of topics. Whether bondage techniques, role play or the art of seduction - the coaching covers a broad spectrum of BDSM aspects.<\/li>\n<li><strong>Guidance and Resources:<\/strong> The journey of chastity is documented. The slave sends daily photos or videos showing not only his physical, but also his emotional devotion to Amalie von Stein.<\/li>\n<li><strong>Accompanying the journey:<\/strong> Amalie von Stein not only offers advice, but also provides practical tips and techniques for exploring the mysterious world of BDSM.<\/li>\n<\/ul>\n<p>&nbsp;<\/p>\n<p><span style=\"color: #b71e3f;\"><strong>How it works:<\/strong><\/span><\/p>\n<ol>\n<li>Vor dem Kauf des &#8222;BDSM-Coaching&#8220; erfolgt eine pers\u00f6nliche Absprache, um die individuellen Bed\u00fcrfnisse und W\u00fcnsche zu besprechen.<\/li>\n<li>Choose the amount we discussed and add the product to your cart.<\/li>\n<li>If you don't find the amount you want, you can either increase the quantity or add multiple products with different amounts to the shopping cart.<\/li>\n<li>Gehe dann zum Warenkorb und w\u00e4hle den Button &#8222;Weiter zur Kasse&#8220;.<\/li>\n<li>Fill out the required fields and pay anonymously with NetDebit or paysafecard.<\/li>\n<li>Setze ein H\u00e4kchen, um zu best\u00e4tigen, dass du die Allgemeinen Gesch\u00e4ftsbedingungen akzeptierst und w\u00e4hle dann &#8222;Kostenpflichtig bezahlen&#8220;.<\/li>\n<li>Depending on the agreement, Amalie will either send you a customized coaching video or arrange a personal video meeting with you.<\/li>\n<\/ol>","protected":false},"excerpt":{"rendered":"<p><strong>BDSM-Coaching<\/strong><br \/>\nAmalie von Stein has mastered all the tricks and techniques to revitalize not only your sex life, but also your relationship. Because in a top\/bottom relationship, the focus is on playing with the fire of lust.<\/p>\n<p>Immerse yourself in the sensual world of BDSM with Amalie von Stein' <strong>BDSM coaching<\/strong> - an experience that combines not only knowledge, but also passion and self-discovery. Unleash your hidden desires and let Amalie von Stein accompany you on your journey into the world of pleasure.<\/p>\n<p><a href=\"https:\/\/amalie-von-stein.com\/en\/produkt\/bdsm-coaching\/\" class=\"more-link style1-button\">Read More<\/a><\/p>","protected":false},"featured_media":4872,"comment_status":"closed","ping_status":"closed","template":"","meta":[],"product_brand":[],"product_cat":[86],"product_tag":[],"class_list":{"0":"post-4900","1":"product","2":"type-product","3":"status-publish","4":"has-post-thumbnail","6":"product_cat-tribut-dotation","8":"first","9":"instock","10":"purchasable","11":"product-type-variable"},"yoast_head":"<!-- This site is optimized with the Yoast SEO plugin v27.3 - https:\/\/yoast.com\/product\/yoast-seo-wordpress\/ -->\n<title>BDSM-Coaching - Amalie von Stein<\/title>\n<meta name=\"description\" content=\"BDSM-Coaching von Amalie von Stein: Belebe dein Sexleben und deine Beziehung. Top\/Bottom-Spiel mit dem Feuer der Lust im Mittelpunkt.\" \/>\n<meta name=\"robots\" content=\"index, follow, max-snippet:-1, max-image-preview:large, max-video-preview:-1\" \/>\n<link rel=\"canonical\" href=\"https:\/\/amalie-von-stein.com\/en\/product-2\/bdsm-coaching\/\" \/>\n<meta property=\"og:locale\" content=\"en_US\" \/>\n<meta property=\"og:type\" content=\"article\" \/>\n<meta property=\"og:title\" content=\"BDSM-Coaching - Amalie von Stein\" \/>\n<meta property=\"og:description\" content=\"BDSM-Coaching von Amalie von Stein: Belebe dein Sexleben und deine Beziehung. Top\/Bottom-Spiel mit dem Feuer der Lust im Mittelpunkt.\" \/>\n<meta property=\"og:url\" content=\"https:\/\/amalie-von-stein.com\/en\/product-2\/bdsm-coaching\/\" \/>\n<meta property=\"og:site_name\" content=\"Amalie von Stein\" \/>\n<meta property=\"article:publisher\" content=\"https:\/\/www.facebook.com\/amalievon.stein.37\" \/>\n<meta property=\"article:modified_time\" content=\"2023-11-14T13:53:44+00:00\" \/>\n<meta property=\"og:image\" content=\"https:\/\/amalie-von-stein.com\/wp-content\/uploads\/2023\/11\/AvS_woocommerce_Produkt_BDSM-Coaching.png\" \/>\n\t<meta property=\"og:image:width\" content=\"600\" \/>\n\t<meta property=\"og:image:height\" content=\"600\" \/>\n\t<meta property=\"og:image:type\" content=\"image\/png\" \/>\n<meta name=\"twitter:card\" content=\"summary_large_image\" \/>\n<meta name=\"twitter:site\" content=\"@AmalievonStein\" \/>\n<meta name=\"twitter:label1\" content=\"Est. reading time\" \/>\n\t<meta name=\"twitter:data1\" content=\"2 minutes\" \/>\n<script type=\"application\/ld+json\" class=\"yoast-schema-graph\">{\"@context\":\"https:\\\/\\\/schema.org\",\"@graph\":[{\"@type\":\"WebPage\",\"@id\":\"https:\\\/\\\/amalie-von-stein.com\\\/produkt\\\/bdsm-coaching\\\/\",\"url\":\"https:\\\/\\\/amalie-von-stein.com\\\/produkt\\\/bdsm-coaching\\\/\",\"name\":\"BDSM-Coaching - Amalie von Stein\",\"isPartOf\":{\"@id\":\"https:\\\/\\\/amalie-von-stein.com\\\/#website\"},\"primaryImageOfPage\":{\"@id\":\"https:\\\/\\\/amalie-von-stein.com\\\/produkt\\\/bdsm-coaching\\\/#primaryimage\"},\"image\":{\"@id\":\"https:\\\/\\\/amalie-von-stein.com\\\/produkt\\\/bdsm-coaching\\\/#primaryimage\"},\"thumbnailUrl\":\"https:\\\/\\\/amalie-von-stein.com\\\/wp-content\\\/uploads\\\/2023\\\/11\\\/AvS_woocommerce_Produkt_BDSM-Coaching.png\",\"datePublished\":\"2023-11-14T09:46:03+00:00\",\"dateModified\":\"2023-11-14T13:53:44+00:00\",\"description\":\"BDSM-Coaching von Amalie von Stein: Belebe dein Sexleben und deine Beziehung. Top\\\/Bottom-Spiel mit dem Feuer der Lust im Mittelpunkt.\",\"breadcrumb\":{\"@id\":\"https:\\\/\\\/amalie-von-stein.com\\\/produkt\\\/bdsm-coaching\\\/#breadcrumb\"},\"inLanguage\":\"en-US\",\"potentialAction\":[{\"@type\":\"ReadAction\",\"target\":[\"https:\\\/\\\/amalie-von-stein.com\\\/produkt\\\/bdsm-coaching\\\/\"]}]},{\"@type\":\"ImageObject\",\"inLanguage\":\"en-US\",\"@id\":\"https:\\\/\\\/amalie-von-stein.com\\\/produkt\\\/bdsm-coaching\\\/#primaryimage\",\"url\":\"https:\\\/\\\/amalie-von-stein.com\\\/wp-content\\\/uploads\\\/2023\\\/11\\\/AvS_woocommerce_Produkt_BDSM-Coaching.png\",\"contentUrl\":\"https:\\\/\\\/amalie-von-stein.com\\\/wp-content\\\/uploads\\\/2023\\\/11\\\/AvS_woocommerce_Produkt_BDSM-Coaching.png\",\"width\":600,\"height\":600,\"caption\":\"Unter der inspirierenden Anleitung von Domina Amalie von Stein k\u00f6nnen Anf\u00e4nger, Paare und Interessierte die faszinierende Welt des BDSM erkunden. Diese Coachings bieten eine behutsame Einf\u00fchrung in die Kunst der beherrschten Leidenschaft, die Grenzen auslotet und die Macht der Hingabe beleuchtet. Ein einf\u00fchlsames, aufkl\u00e4rendes Angebot f\u00fcr alle, die neugierig auf die Facetten der Dominanz und Unterwerfung sind.\"},{\"@type\":\"BreadcrumbList\",\"@id\":\"https:\\\/\\\/amalie-von-stein.com\\\/produkt\\\/bdsm-coaching\\\/#breadcrumb\",\"itemListElement\":[{\"@type\":\"ListItem\",\"position\":1,\"name\":\"Startseite\",\"item\":\"https:\\\/\\\/amalie-von-stein.com\\\/\"},{\"@type\":\"ListItem\",\"position\":2,\"name\":\"BDSM Shop\",\"item\":\"https:\\\/\\\/amalie-von-stein.com\\\/amalie-von-stein-bdsm-shop\\\/\"},{\"@type\":\"ListItem\",\"position\":3,\"name\":\"BDSM-Coaching\"}]},{\"@type\":\"WebSite\",\"@id\":\"https:\\\/\\\/amalie-von-stein.com\\\/#website\",\"url\":\"https:\\\/\\\/amalie-von-stein.com\\\/\",\"name\":\"Amalie von Stein\",\"description\":\"Amalie von Stein: High Class Domina und Femdom Escort f\u00fcr den devoten Gentleman.\",\"publisher\":{\"@id\":\"https:\\\/\\\/amalie-von-stein.com\\\/#\\\/schema\\\/person\\\/aa299bddf886d0b9d5dfa855dd6f7c15\"},\"potentialAction\":[{\"@type\":\"SearchAction\",\"target\":{\"@type\":\"EntryPoint\",\"urlTemplate\":\"https:\\\/\\\/amalie-von-stein.com\\\/?s={search_term_string}\"},\"query-input\":{\"@type\":\"PropertyValueSpecification\",\"valueRequired\":true,\"valueName\":\"search_term_string\"}}],\"inLanguage\":\"en-US\"},{\"@type\":[\"Person\",\"Organization\"],\"@id\":\"https:\\\/\\\/amalie-von-stein.com\\\/#\\\/schema\\\/person\\\/aa299bddf886d0b9d5dfa855dd6f7c15\",\"name\":\"Femdom Amalie von Stein\",\"image\":{\"@type\":\"ImageObject\",\"inLanguage\":\"en-US\",\"@id\":\"https:\\\/\\\/amalie-von-stein.com\\\/wp-content\\\/uploads\\\/2023\\\/04\\\/kontakt-exklusiver-domina-fetisch-escort-service.jpg\",\"url\":\"https:\\\/\\\/amalie-von-stein.com\\\/wp-content\\\/uploads\\\/2023\\\/04\\\/kontakt-exklusiver-domina-fetisch-escort-service.jpg\",\"contentUrl\":\"https:\\\/\\\/amalie-von-stein.com\\\/wp-content\\\/uploads\\\/2023\\\/04\\\/kontakt-exklusiver-domina-fetisch-escort-service.jpg\",\"width\":1280,\"height\":1920,\"caption\":\"Femdom Amalie von Stein\"},\"logo\":{\"@id\":\"https:\\\/\\\/amalie-von-stein.com\\\/wp-content\\\/uploads\\\/2023\\\/04\\\/kontakt-exklusiver-domina-fetisch-escort-service.jpg\"},\"description\":\"Amalie von Stein ist eine klassische deutsche Domina und Fetisch Escort Mistress. Als elegante High Class Domina und Fetisch Escort Mistress f\u00fcr den devoten Sklaven und Fetisch Liebhaber bietet Amalie von Stein BDSM Sessions im Hotelzimmer oder im BDSM Studio an.\",\"sameAs\":[\"http:\\\/\\\/www.amalie-von-stein.com\",\"https:\\\/\\\/www.facebook.com\\\/amalievon.stein.37\",\"https:\\\/\\\/www.instagram.com\\\/amalie_von_stein\\\/\",\"https:\\\/\\\/www.pinterest.de\\\/amalievonstein\\\/\",\"https:\\\/\\\/x.com\\\/AmalievonStein\",\"https:\\\/\\\/www.youtube.com\\\/user\\\/swtone1\"]}]}<\/script>\n<!-- \/ Yoast SEO plugin. -->","yoast_head_json":{"title":"BDSM-Coaching - Amalie von Stein","description":"BDSM Coaching by Amalie von Stein: Revitalize your sex life and your relationship. Top\/bottom play with the fire of desire in the center.","robots":{"index":"index","follow":"follow","max-snippet":"max-snippet:-1","max-image-preview":"max-image-preview:large","max-video-preview":"max-video-preview:-1"},"canonical":"https:\/\/amalie-von-stein.com\/en\/product-2\/bdsm-coaching\/","og_locale":"en_US","og_type":"article","og_title":"BDSM-Coaching - Amalie von Stein","og_description":"BDSM-Coaching von Amalie von Stein: Belebe dein Sexleben und deine Beziehung. Top\/Bottom-Spiel mit dem Feuer der Lust im Mittelpunkt.","og_url":"https:\/\/amalie-von-stein.com\/en\/product-2\/bdsm-coaching\/","og_site_name":"Amalie von Stein","article_publisher":"https:\/\/www.facebook.com\/amalievon.stein.37","article_modified_time":"2023-11-14T13:53:44+00:00","og_image":[{"width":600,"height":600,"url":"https:\/\/amalie-von-stein.com\/wp-content\/uploads\/2023\/11\/AvS_woocommerce_Produkt_BDSM-Coaching.png","type":"image\/png"}],"twitter_card":"summary_large_image","twitter_site":"@AmalievonStein","twitter_misc":{"Est. reading time":"2 minutes"},"schema":{"@context":"https:\/\/schema.org","@graph":[{"@type":"WebPage","@id":"https:\/\/amalie-von-stein.com\/produkt\/bdsm-coaching\/","url":"https:\/\/amalie-von-stein.com\/produkt\/bdsm-coaching\/","name":"BDSM-Coaching - Amalie von Stein","isPartOf":{"@id":"https:\/\/amalie-von-stein.com\/#website"},"primaryImageOfPage":{"@id":"https:\/\/amalie-von-stein.com\/produkt\/bdsm-coaching\/#primaryimage"},"image":{"@id":"https:\/\/amalie-von-stein.com\/produkt\/bdsm-coaching\/#primaryimage"},"thumbnailUrl":"https:\/\/amalie-von-stein.com\/wp-content\/uploads\/2023\/11\/AvS_woocommerce_Produkt_BDSM-Coaching.png","datePublished":"2023-11-14T09:46:03+00:00","dateModified":"2023-11-14T13:53:44+00:00","description":"BDSM Coaching by Amalie von Stein: Revitalize your sex life and your relationship. Top\/bottom play with the fire of desire in the center.","breadcrumb":{"@id":"https:\/\/amalie-von-stein.com\/produkt\/bdsm-coaching\/#breadcrumb"},"inLanguage":"en-US","potentialAction":[{"@type":"ReadAction","target":["https:\/\/amalie-von-stein.com\/produkt\/bdsm-coaching\/"]}]},{"@type":"ImageObject","inLanguage":"en-US","@id":"https:\/\/amalie-von-stein.com\/produkt\/bdsm-coaching\/#primaryimage","url":"https:\/\/amalie-von-stein.com\/wp-content\/uploads\/2023\/11\/AvS_woocommerce_Produkt_BDSM-Coaching.png","contentUrl":"https:\/\/amalie-von-stein.com\/wp-content\/uploads\/2023\/11\/AvS_woocommerce_Produkt_BDSM-Coaching.png","width":600,"height":600,"caption":"Unter der inspirierenden Anleitung von Domina Amalie von Stein k\u00f6nnen Anf\u00e4nger, Paare und Interessierte die faszinierende Welt des BDSM erkunden. Diese Coachings bieten eine behutsame Einf\u00fchrung in die Kunst der beherrschten Leidenschaft, die Grenzen auslotet und die Macht der Hingabe beleuchtet. Ein einf\u00fchlsames, aufkl\u00e4rendes Angebot f\u00fcr alle, die neugierig auf die Facetten der Dominanz und Unterwerfung sind."},{"@type":"BreadcrumbList","@id":"https:\/\/amalie-von-stein.com\/produkt\/bdsm-coaching\/#breadcrumb","itemListElement":[{"@type":"ListItem","position":1,"name":"Startseite","item":"https:\/\/amalie-von-stein.com\/"},{"@type":"ListItem","position":2,"name":"BDSM Shop","item":"https:\/\/amalie-von-stein.com\/amalie-von-stein-bdsm-shop\/"},{"@type":"ListItem","position":3,"name":"BDSM-Coaching"}]},{"@type":"WebSite","@id":"https:\/\/amalie-von-stein.com\/#website","url":"https:\/\/amalie-von-stein.com\/","name":"Amalie von Stein","description":"Amalie von Stein: High Class Domina und Femdom Escort f\u00fcr den devoten Gentleman.","publisher":{"@id":"https:\/\/amalie-von-stein.com\/#\/schema\/person\/aa299bddf886d0b9d5dfa855dd6f7c15"},"potentialAction":[{"@type":"SearchAction","target":{"@type":"EntryPoint","urlTemplate":"https:\/\/amalie-von-stein.com\/?s={search_term_string}"},"query-input":{"@type":"PropertyValueSpecification","valueRequired":true,"valueName":"search_term_string"}}],"inLanguage":"en-US"},{"@type":["Person","Organization"],"@id":"https:\/\/amalie-von-stein.com\/#\/schema\/person\/aa299bddf886d0b9d5dfa855dd6f7c15","name":"Femdom Amalie von Stein","image":{"@type":"ImageObject","inLanguage":"en-US","@id":"https:\/\/amalie-von-stein.com\/wp-content\/uploads\/2023\/04\/kontakt-exklusiver-domina-fetisch-escort-service.jpg","url":"https:\/\/amalie-von-stein.com\/wp-content\/uploads\/2023\/04\/kontakt-exklusiver-domina-fetisch-escort-service.jpg","contentUrl":"https:\/\/amalie-von-stein.com\/wp-content\/uploads\/2023\/04\/kontakt-exklusiver-domina-fetisch-escort-service.jpg","width":1280,"height":1920,"caption":"Femdom Amalie von Stein"},"logo":{"@id":"https:\/\/amalie-von-stein.com\/wp-content\/uploads\/2023\/04\/kontakt-exklusiver-domina-fetisch-escort-service.jpg"},"description":"Amalie von Stein ist eine klassische deutsche Domina und Fetisch Escort Mistress. Als elegante High Class Domina und Fetisch Escort Mistress f\u00fcr den devoten Sklaven und Fetisch Liebhaber bietet Amalie von Stein BDSM Sessions im Hotelzimmer oder im BDSM Studio an.","sameAs":["http:\/\/www.amalie-von-stein.com","https:\/\/www.facebook.com\/amalievon.stein.37","https:\/\/www.instagram.com\/amalie_von_stein\/","https:\/\/www.pinterest.de\/amalievonstein\/","https:\/\/x.com\/AmalievonStein","https:\/\/www.youtube.com\/user\/swtone1"]}]}},"jetpack_sharing_enabled":true,"_links":{"self":[{"href":"https:\/\/amalie-von-stein.com\/en\/wp-json\/wp\/v2\/product\/4900","targetHints":{"allow":["GET"]}}],"collection":[{"href":"https:\/\/amalie-von-stein.com\/en\/wp-json\/wp\/v2\/product"}],"about":[{"href":"https:\/\/amalie-von-stein.com\/en\/wp-json\/wp\/v2\/types\/product"}],"replies":[{"embeddable":true,"href":"https:\/\/amalie-von-stein.com\/en\/wp-json\/wp\/v2\/comments?post=4900"}],"wp:featuredmedia":[{"embeddable":true,"href":"https:\/\/amalie-von-stein.com\/en\/wp-json\/wp\/v2\/media\/4872"}],"wp:attachment":[{"href":"https:\/\/amalie-von-stein.com\/en\/wp-json\/wp\/v2\/media?parent=4900"}],"wp:term":[{"taxonomy":"product_brand","embeddable":true,"href":"https:\/\/amalie-von-stein.com\/en\/wp-json\/wp\/v2\/product_brand?post=4900"},{"taxonomy":"product_cat","embeddable":true,"href":"https:\/\/amalie-von-stein.com\/en\/wp-json\/wp\/v2\/product_cat?post=4900"},{"taxonomy":"product_tag","embeddable":true,"href":"https:\/\/amalie-von-stein.com\/en\/wp-json\/wp\/v2\/product_tag?post=4900"}],"curies":[{"name":"wp","href":"https:\/\/api.w.org\/{rel}","templated":true}]}}