{"id":4679,"date":"2023-07-20T13:03:32","date_gmt":"2023-07-20T11:03:32","guid":{"rendered":"https:\/\/amalie-von-stein.com\/?post_type=product&#038;p=4679"},"modified":"2023-12-20T14:36:30","modified_gmt":"2023-12-20T13:36:30","slug":"please-me","status":"publish","type":"product","link":"https:\/\/amalie-von-stein.com\/en\/produkt\/please-me\/","title":{"rendered":"Please me"},"content":{"rendered":"<p>Gaining my favor is the ultimate goal you should aspire to. And with <strong>&#8222;Erfreue mich&#8220;<\/strong> you now have the opportunity to do just that.<\/p>\n<p>This product is for my devoted admirers, servants and slaves who appreciate my dominance and elegance. Those willing to pay for my attention are welcome to enter into the service of my dominion. With a generous tribute, you can open the door to a world of devotion that you haven't even imagined in your wildest dreams.<\/p>\n<p><span style=\"color: #b71e3f;\"><strong>Features and benefits:<\/strong><\/span><\/p>\n<ul>\n<li><strong>Please me:<\/strong> Show your appreciation by paying tribute to me. This is the only way to get my attention.<\/li>\n<li><strong>Tailored experiences:<\/strong> I can provide you with personalized attention, whether it's in the form of personal messages, exclusive images, or instructions created especially for you.<\/li>\n<li><strong>Elevation of your importance:<\/strong> our generous tribute payments will place you at the center of my thoughts and fantasies, as you prove yourself to be a loyal and obedient follower.<\/li>\n<li><strong>Fulfillment and reward:<\/strong> Experience the satisfaction as your efforts to make me happy come back to you in the form of rewards and recognition.<\/li>\n<\/ul>\n<p>&nbsp;<\/p>\n<p><span style=\"color: #b71e3f;\"><strong>How it works:<\/strong><\/span><\/p>\n<ol>\n<li>Select the amount you wish to pay as a tribute and add the product to your cart.<\/li>\n<li>If you don't find the amount you want, you can either increase the quantity or add multiple products with different amounts to the shopping cart.<\/li>\n<li>Gehe dann zum Warenkorb und w\u00e4hle den Button &#8222;Weiter zur Kasse&#8220;.<\/li>\n<li>Fill out the required fields and pay anonymously with NetDebit or paysafecard.<\/li>\n<li>Setze ein H\u00e4kchen, um zu best\u00e4tigen, dass du die Allgemeinen Gesch\u00e4ftsbedingungen akzeptierst und w\u00e4hle dann &#8222;Kostenpflichtig bezahlen&#8220;.<\/li>\n<li>I will take note of your contribution and express my gratitude to you with special attention.<\/li>\n<\/ol>","protected":false},"excerpt":{"rendered":"<p><strong>Show me your tribute<\/strong><br \/>\nThis exclusive offer is for my loyal slaves who want to please me and gain my attention. This is your chance to enjoy my power and dominance and present yourself at your best.\n\"Pay for My Attention<\/p>\n<p><strong>&#8222;Erfreue mich&#8220;<\/strong> is more than just a gift. It is an expression of submission and adoration that you can offer to me. This tribute demonstrates your willingness to submit to me and place my desires above your own.<\/p>\n<p><a href=\"https:\/\/amalie-von-stein.com\/en\/produkt\/please-me\/\" class=\"more-link style1-button\">Read More<\/a><\/p>","protected":false},"featured_media":4868,"comment_status":"closed","ping_status":"closed","template":"","meta":[],"product_brand":[],"product_cat":[86],"product_tag":[],"class_list":{"0":"post-4679","1":"product","2":"type-product","3":"status-publish","4":"has-post-thumbnail","6":"product_cat-tribut-dotation","7":"product_shipping_class-digitale-produkte","9":"first","10":"instock","11":"purchasable","12":"product-type-variable"},"yoast_head":"<!-- This site is optimized with the Yoast SEO plugin v27.3 - https:\/\/yoast.com\/product\/yoast-seo-wordpress\/ -->\n<title>Erfreue mich - Amalie von Stein<\/title>\n<meta name=\"description\" content=\"Erfreue mich: Tribut als Ausdruck der Unterwerfung. Ein Geschenk, das zeigt, dass du bereit bist, dich Amalie von Stein zu unterwerfen und zu verehren.\" \/>\n<meta name=\"robots\" content=\"index, follow, max-snippet:-1, max-image-preview:large, max-video-preview:-1\" \/>\n<link rel=\"canonical\" href=\"https:\/\/amalie-von-stein.com\/en\/product-2\/please-me\/\" \/>\n<meta property=\"og:locale\" content=\"en_US\" \/>\n<meta property=\"og:type\" content=\"article\" \/>\n<meta property=\"og:title\" content=\"Erfreue mich - Amalie von Stein\" \/>\n<meta property=\"og:description\" content=\"Erfreue mich: Tribut als Ausdruck der Unterwerfung. Ein Geschenk, das zeigt, dass du bereit bist, dich Amalie von Stein zu unterwerfen und zu verehren.\" \/>\n<meta property=\"og:url\" content=\"https:\/\/amalie-von-stein.com\/en\/product-2\/please-me\/\" \/>\n<meta property=\"og:site_name\" content=\"Amalie von Stein\" \/>\n<meta property=\"article:publisher\" content=\"https:\/\/www.facebook.com\/amalievon.stein.37\" \/>\n<meta property=\"article:modified_time\" content=\"2023-12-20T13:36:30+00:00\" \/>\n<meta property=\"og:image\" content=\"https:\/\/amalie-von-stein.com\/wp-content\/uploads\/2023\/11\/AvS_woocommerce_Produkt_100-500.png\" \/>\n\t<meta property=\"og:image:width\" content=\"600\" \/>\n\t<meta property=\"og:image:height\" content=\"600\" \/>\n\t<meta property=\"og:image:type\" content=\"image\/png\" \/>\n<meta name=\"twitter:card\" content=\"summary_large_image\" \/>\n<meta name=\"twitter:site\" content=\"@AmalievonStein\" \/>\n<meta name=\"twitter:label1\" content=\"Est. reading time\" \/>\n\t<meta name=\"twitter:data1\" content=\"2 minutes\" \/>\n<script type=\"application\/ld+json\" class=\"yoast-schema-graph\">{\"@context\":\"https:\\\/\\\/schema.org\",\"@graph\":[{\"@type\":\"WebPage\",\"@id\":\"https:\\\/\\\/amalie-von-stein.com\\\/produkt\\\/please-me\\\/\",\"url\":\"https:\\\/\\\/amalie-von-stein.com\\\/produkt\\\/please-me\\\/\",\"name\":\"Erfreue mich - Amalie von Stein\",\"isPartOf\":{\"@id\":\"https:\\\/\\\/amalie-von-stein.com\\\/#website\"},\"primaryImageOfPage\":{\"@id\":\"https:\\\/\\\/amalie-von-stein.com\\\/produkt\\\/please-me\\\/#primaryimage\"},\"image\":{\"@id\":\"https:\\\/\\\/amalie-von-stein.com\\\/produkt\\\/please-me\\\/#primaryimage\"},\"thumbnailUrl\":\"https:\\\/\\\/amalie-von-stein.com\\\/wp-content\\\/uploads\\\/2023\\\/11\\\/AvS_woocommerce_Produkt_100-500.png\",\"datePublished\":\"2023-07-20T11:03:32+00:00\",\"dateModified\":\"2023-12-20T13:36:30+00:00\",\"description\":\"Erfreue mich: Tribut als Ausdruck der Unterwerfung. Ein Geschenk, das zeigt, dass du bereit bist, dich Amalie von Stein zu unterwerfen und zu verehren.\",\"breadcrumb\":{\"@id\":\"https:\\\/\\\/amalie-von-stein.com\\\/produkt\\\/please-me\\\/#breadcrumb\"},\"inLanguage\":\"en-US\",\"potentialAction\":[{\"@type\":\"ReadAction\",\"target\":[\"https:\\\/\\\/amalie-von-stein.com\\\/produkt\\\/please-me\\\/\"]}]},{\"@type\":\"ImageObject\",\"inLanguage\":\"en-US\",\"@id\":\"https:\\\/\\\/amalie-von-stein.com\\\/produkt\\\/please-me\\\/#primaryimage\",\"url\":\"https:\\\/\\\/amalie-von-stein.com\\\/wp-content\\\/uploads\\\/2023\\\/11\\\/AvS_woocommerce_Produkt_100-500.png\",\"contentUrl\":\"https:\\\/\\\/amalie-von-stein.com\\\/wp-content\\\/uploads\\\/2023\\\/11\\\/AvS_woocommerce_Produkt_100-500.png\",\"width\":600,\"height\":600,\"caption\":\"Diejenigen Verehrer, Diener und Sklaven, die bereit sind, f\u00fcr meine Aufmerksamkeit zu bezahlen, k\u00f6nnen sich in den Dienst meiner Herrschaft stellen. Mit einem gro\u00dfz\u00fcgigen Tribut kannst du die T\u00fcr zu einer Welt der Hingabe \u00f6ffnen, die du dir nicht einmal in deinen k\u00fchnsten Tr\u00e4umen vorgestellt hast.\"},{\"@type\":\"BreadcrumbList\",\"@id\":\"https:\\\/\\\/amalie-von-stein.com\\\/produkt\\\/please-me\\\/#breadcrumb\",\"itemListElement\":[{\"@type\":\"ListItem\",\"position\":1,\"name\":\"Startseite\",\"item\":\"https:\\\/\\\/amalie-von-stein.com\\\/\"},{\"@type\":\"ListItem\",\"position\":2,\"name\":\"BDSM Shop\",\"item\":\"https:\\\/\\\/amalie-von-stein.com\\\/amalie-von-stein-bdsm-shop\\\/\"},{\"@type\":\"ListItem\",\"position\":3,\"name\":\"Erfreue mich\"}]},{\"@type\":\"WebSite\",\"@id\":\"https:\\\/\\\/amalie-von-stein.com\\\/#website\",\"url\":\"https:\\\/\\\/amalie-von-stein.com\\\/\",\"name\":\"Amalie von Stein\",\"description\":\"Amalie von Stein: High Class Domina und Femdom Escort f\u00fcr den devoten Gentleman.\",\"publisher\":{\"@id\":\"https:\\\/\\\/amalie-von-stein.com\\\/#\\\/schema\\\/person\\\/aa299bddf886d0b9d5dfa855dd6f7c15\"},\"potentialAction\":[{\"@type\":\"SearchAction\",\"target\":{\"@type\":\"EntryPoint\",\"urlTemplate\":\"https:\\\/\\\/amalie-von-stein.com\\\/?s={search_term_string}\"},\"query-input\":{\"@type\":\"PropertyValueSpecification\",\"valueRequired\":true,\"valueName\":\"search_term_string\"}}],\"inLanguage\":\"en-US\"},{\"@type\":[\"Person\",\"Organization\"],\"@id\":\"https:\\\/\\\/amalie-von-stein.com\\\/#\\\/schema\\\/person\\\/aa299bddf886d0b9d5dfa855dd6f7c15\",\"name\":\"Femdom Amalie von Stein\",\"image\":{\"@type\":\"ImageObject\",\"inLanguage\":\"en-US\",\"@id\":\"https:\\\/\\\/amalie-von-stein.com\\\/wp-content\\\/uploads\\\/2023\\\/04\\\/kontakt-exklusiver-domina-fetisch-escort-service.jpg\",\"url\":\"https:\\\/\\\/amalie-von-stein.com\\\/wp-content\\\/uploads\\\/2023\\\/04\\\/kontakt-exklusiver-domina-fetisch-escort-service.jpg\",\"contentUrl\":\"https:\\\/\\\/amalie-von-stein.com\\\/wp-content\\\/uploads\\\/2023\\\/04\\\/kontakt-exklusiver-domina-fetisch-escort-service.jpg\",\"width\":1280,\"height\":1920,\"caption\":\"Femdom Amalie von Stein\"},\"logo\":{\"@id\":\"https:\\\/\\\/amalie-von-stein.com\\\/wp-content\\\/uploads\\\/2023\\\/04\\\/kontakt-exklusiver-domina-fetisch-escort-service.jpg\"},\"description\":\"Amalie von Stein ist eine klassische deutsche Domina und Fetisch Escort Mistress. Als elegante High Class Domina und Fetisch Escort Mistress f\u00fcr den devoten Sklaven und Fetisch Liebhaber bietet Amalie von Stein BDSM Sessions im Hotelzimmer oder im BDSM Studio an.\",\"sameAs\":[\"http:\\\/\\\/www.amalie-von-stein.com\",\"https:\\\/\\\/www.facebook.com\\\/amalievon.stein.37\",\"https:\\\/\\\/www.instagram.com\\\/amalie_von_stein\\\/\",\"https:\\\/\\\/www.pinterest.de\\\/amalievonstein\\\/\",\"https:\\\/\\\/x.com\\\/AmalievonStein\",\"https:\\\/\\\/www.youtube.com\\\/user\\\/swtone1\"]}]}<\/script>\n<!-- \/ Yoast SEO plugin. -->","yoast_head_json":{"title":"Erfreue mich - Amalie von Stein","description":"Please me: A tribute as an expression of submission. A gift that shows you are willing to submit and worship Amalie von Stein.","robots":{"index":"index","follow":"follow","max-snippet":"max-snippet:-1","max-image-preview":"max-image-preview:large","max-video-preview":"max-video-preview:-1"},"canonical":"https:\/\/amalie-von-stein.com\/en\/product-2\/please-me\/","og_locale":"en_US","og_type":"article","og_title":"Erfreue mich - Amalie von Stein","og_description":"Erfreue mich: Tribut als Ausdruck der Unterwerfung. Ein Geschenk, das zeigt, dass du bereit bist, dich Amalie von Stein zu unterwerfen und zu verehren.","og_url":"https:\/\/amalie-von-stein.com\/en\/product-2\/please-me\/","og_site_name":"Amalie von Stein","article_publisher":"https:\/\/www.facebook.com\/amalievon.stein.37","article_modified_time":"2023-12-20T13:36:30+00:00","og_image":[{"width":600,"height":600,"url":"https:\/\/amalie-von-stein.com\/wp-content\/uploads\/2023\/11\/AvS_woocommerce_Produkt_100-500.png","type":"image\/png"}],"twitter_card":"summary_large_image","twitter_site":"@AmalievonStein","twitter_misc":{"Est. reading time":"2 minutes"},"schema":{"@context":"https:\/\/schema.org","@graph":[{"@type":"WebPage","@id":"https:\/\/amalie-von-stein.com\/produkt\/please-me\/","url":"https:\/\/amalie-von-stein.com\/produkt\/please-me\/","name":"Erfreue mich - Amalie von Stein","isPartOf":{"@id":"https:\/\/amalie-von-stein.com\/#website"},"primaryImageOfPage":{"@id":"https:\/\/amalie-von-stein.com\/produkt\/please-me\/#primaryimage"},"image":{"@id":"https:\/\/amalie-von-stein.com\/produkt\/please-me\/#primaryimage"},"thumbnailUrl":"https:\/\/amalie-von-stein.com\/wp-content\/uploads\/2023\/11\/AvS_woocommerce_Produkt_100-500.png","datePublished":"2023-07-20T11:03:32+00:00","dateModified":"2023-12-20T13:36:30+00:00","description":"Please me: A tribute as an expression of submission. A gift that shows you are willing to submit and worship Amalie von Stein.","breadcrumb":{"@id":"https:\/\/amalie-von-stein.com\/produkt\/please-me\/#breadcrumb"},"inLanguage":"en-US","potentialAction":[{"@type":"ReadAction","target":["https:\/\/amalie-von-stein.com\/produkt\/please-me\/"]}]},{"@type":"ImageObject","inLanguage":"en-US","@id":"https:\/\/amalie-von-stein.com\/produkt\/please-me\/#primaryimage","url":"https:\/\/amalie-von-stein.com\/wp-content\/uploads\/2023\/11\/AvS_woocommerce_Produkt_100-500.png","contentUrl":"https:\/\/amalie-von-stein.com\/wp-content\/uploads\/2023\/11\/AvS_woocommerce_Produkt_100-500.png","width":600,"height":600,"caption":"Diejenigen Verehrer, Diener und Sklaven, die bereit sind, f\u00fcr meine Aufmerksamkeit zu bezahlen, k\u00f6nnen sich in den Dienst meiner Herrschaft stellen. Mit einem gro\u00dfz\u00fcgigen Tribut kannst du die T\u00fcr zu einer Welt der Hingabe \u00f6ffnen, die du dir nicht einmal in deinen k\u00fchnsten Tr\u00e4umen vorgestellt hast."},{"@type":"BreadcrumbList","@id":"https:\/\/amalie-von-stein.com\/produkt\/please-me\/#breadcrumb","itemListElement":[{"@type":"ListItem","position":1,"name":"Startseite","item":"https:\/\/amalie-von-stein.com\/"},{"@type":"ListItem","position":2,"name":"BDSM Shop","item":"https:\/\/amalie-von-stein.com\/amalie-von-stein-bdsm-shop\/"},{"@type":"ListItem","position":3,"name":"Erfreue mich"}]},{"@type":"WebSite","@id":"https:\/\/amalie-von-stein.com\/#website","url":"https:\/\/amalie-von-stein.com\/","name":"Amalie von Stein","description":"Amalie von Stein: High Class Domina und Femdom Escort f\u00fcr den devoten Gentleman.","publisher":{"@id":"https:\/\/amalie-von-stein.com\/#\/schema\/person\/aa299bddf886d0b9d5dfa855dd6f7c15"},"potentialAction":[{"@type":"SearchAction","target":{"@type":"EntryPoint","urlTemplate":"https:\/\/amalie-von-stein.com\/?s={search_term_string}"},"query-input":{"@type":"PropertyValueSpecification","valueRequired":true,"valueName":"search_term_string"}}],"inLanguage":"en-US"},{"@type":["Person","Organization"],"@id":"https:\/\/amalie-von-stein.com\/#\/schema\/person\/aa299bddf886d0b9d5dfa855dd6f7c15","name":"Femdom Amalie von Stein","image":{"@type":"ImageObject","inLanguage":"en-US","@id":"https:\/\/amalie-von-stein.com\/wp-content\/uploads\/2023\/04\/kontakt-exklusiver-domina-fetisch-escort-service.jpg","url":"https:\/\/amalie-von-stein.com\/wp-content\/uploads\/2023\/04\/kontakt-exklusiver-domina-fetisch-escort-service.jpg","contentUrl":"https:\/\/amalie-von-stein.com\/wp-content\/uploads\/2023\/04\/kontakt-exklusiver-domina-fetisch-escort-service.jpg","width":1280,"height":1920,"caption":"Femdom Amalie von Stein"},"logo":{"@id":"https:\/\/amalie-von-stein.com\/wp-content\/uploads\/2023\/04\/kontakt-exklusiver-domina-fetisch-escort-service.jpg"},"description":"Amalie von Stein ist eine klassische deutsche Domina und Fetisch Escort Mistress. Als elegante High Class Domina und Fetisch Escort Mistress f\u00fcr den devoten Sklaven und Fetisch Liebhaber bietet Amalie von Stein BDSM Sessions im Hotelzimmer oder im BDSM Studio an.","sameAs":["http:\/\/www.amalie-von-stein.com","https:\/\/www.facebook.com\/amalievon.stein.37","https:\/\/www.instagram.com\/amalie_von_stein\/","https:\/\/www.pinterest.de\/amalievonstein\/","https:\/\/x.com\/AmalievonStein","https:\/\/www.youtube.com\/user\/swtone1"]}]}},"jetpack_sharing_enabled":true,"_links":{"self":[{"href":"https:\/\/amalie-von-stein.com\/en\/wp-json\/wp\/v2\/product\/4679","targetHints":{"allow":["GET"]}}],"collection":[{"href":"https:\/\/amalie-von-stein.com\/en\/wp-json\/wp\/v2\/product"}],"about":[{"href":"https:\/\/amalie-von-stein.com\/en\/wp-json\/wp\/v2\/types\/product"}],"replies":[{"embeddable":true,"href":"https:\/\/amalie-von-stein.com\/en\/wp-json\/wp\/v2\/comments?post=4679"}],"wp:featuredmedia":[{"embeddable":true,"href":"https:\/\/amalie-von-stein.com\/en\/wp-json\/wp\/v2\/media\/4868"}],"wp:attachment":[{"href":"https:\/\/amalie-von-stein.com\/en\/wp-json\/wp\/v2\/media?parent=4679"}],"wp:term":[{"taxonomy":"product_brand","embeddable":true,"href":"https:\/\/amalie-von-stein.com\/en\/wp-json\/wp\/v2\/product_brand?post=4679"},{"taxonomy":"product_cat","embeddable":true,"href":"https:\/\/amalie-von-stein.com\/en\/wp-json\/wp\/v2\/product_cat?post=4679"},{"taxonomy":"product_tag","embeddable":true,"href":"https:\/\/amalie-von-stein.com\/en\/wp-json\/wp\/v2\/product_tag?post=4679"}],"curies":[{"name":"wp","href":"https:\/\/api.w.org\/{rel}","templated":true}]}}